{"id":90,"date":"2015-10-24T16:27:02","date_gmt":"2015-10-24T14:27:02","guid":{"rendered":"https:\/\/hartbex.pl\/mieszkania\/?page_id=90"},"modified":"2022-06-24T08:42:32","modified_gmt":"2022-06-24T06:42:32","slug":"dzial-reklamacji","status":"publish","type":"page","link":"https:\/\/hartbex.pl\/mieszkania\/dzial-reklamacji\/","title":{"rendered":"Dzia\u0142 reklamacji"},"content":{"rendered":"<p>W sprawie usterek i reklamacji prosimy o kontakt z Dzia\u0142em Reklamacji<\/p>\n<table>\n<tbody>\n<tr>\n<td class=\"mobile-hide\"><img loading=\"lazy\" class=\"alignnone wp-image-1750\" src=\"https:\/\/hartbex.pl\/wp-content\/uploads\/2021\/10\/kbaranski.jpg\" alt=\"\" width=\"300\" height=\"300\" \/><\/td>\n<td><\/td>\n<td><\/td>\n<td><\/td>\n<\/tr>\n<tr>\n<td>\n<h3>Krzysztof Bara\u0144ski<\/h3>\n<h4>kierownik rob\u00f3t usterkowych<\/h4>\n<p>gsm <a href=\"tel:%2B48%20795%20461%20685\" target=\"_blank\" rel=\"noopener\">+48 <\/a><a href=\"tel:%2B48%20604%20635%20288\" target=\"_blank\" rel=\"noopener\">604 635 288<\/a><br \/>\ne-mail <a title=\"\" href=\"mailto:kbaranski@hartbex.pl\" target=\"_blank\" rel=\"noopener\">kbaranski@hartbex.pl<\/a><\/td>\n<td><\/td>\n<td><\/td>\n<td><\/td>\n<\/tr>\n<\/tbody>\n<\/table>\n","protected":false},"excerpt":{"rendered":"<p>W sprawie usterek i reklamacji prosimy o kontakt z Dzia\u0142em Reklamacji Krzysztof Bara\u0144ski kierownik rob\u00f3t usterkowych gsm +48 604 635 288 e-mail kbaranski@hartbex.pl<\/p>\n","protected":false},"author":1,"featured_media":0,"parent":0,"menu_order":0,"comment_status":"closed","ping_status":"closed","template":"page-kontakt.php","meta":[],"_links":{"self":[{"href":"https:\/\/hartbex.pl\/mieszkania\/wp-json\/wp\/v2\/pages\/90"}],"collection":[{"href":"https:\/\/hartbex.pl\/mieszkania\/wp-json\/wp\/v2\/pages"}],"about":[{"href":"https:\/\/hartbex.pl\/mieszkania\/wp-json\/wp\/v2\/types\/page"}],"author":[{"embeddable":true,"href":"https:\/\/hartbex.pl\/mieszkania\/wp-json\/wp\/v2\/users\/1"}],"replies":[{"embeddable":true,"href":"https:\/\/hartbex.pl\/mieszkania\/wp-json\/wp\/v2\/comments?post=90"}],"version-history":[{"count":1,"href":"https:\/\/hartbex.pl\/mieszkania\/wp-json\/wp\/v2\/pages\/90\/revisions"}],"predecessor-version":[{"id":962,"href":"https:\/\/hartbex.pl\/mieszkania\/wp-json\/wp\/v2\/pages\/90\/revisions\/962"}],"wp:attachment":[{"href":"https:\/\/hartbex.pl\/mieszkania\/wp-json\/wp\/v2\/media?parent=90"}],"curies":[{"name":"wp","href":"https:\/\/api.w.org\/{rel}","templated":true}]}}