{"id":68,"date":"2015-10-19T23:23:58","date_gmt":"2015-10-19T21:23:58","guid":{"rendered":"https:\/\/hartbex.pl\/mieszkania\/?page_id=68"},"modified":"2025-07-22T11:25:15","modified_gmt":"2025-07-22T09:25:15","slug":"kontakt","status":"publish","type":"page","link":"https:\/\/hartbex.pl\/mieszkania\/kontakt\/","title":{"rendered":"Kontakt"},"content":{"rendered":"<h2>HARTBEX DEVELOPMENT Sp. z o.o.<\/h2>\n<h3><\/h3>\n<div style=\"margin: 12px 0;\">Kontakt<\/div>\n<p><strong>Al. Kopisto 11\/400<\/strong><br \/>\n<strong>35-315 Rzesz\u00f3w<br \/>\n<\/strong><br \/>\nS\u0105d Rejonowy w Rzeszowie XII Wydzia\u0142 Gospodarczy Krajowego Rejestru S\u0105dowego<br \/>\nNr KRS 00000445900<br \/>\nKapita\u0142 zak\u0142adowy: 50 000 PLN<\/p>\n<p>Regon: 180934527<br \/>\nNIP: 813-36-76-083<br \/>\nBank: Podkarpacki Bank Sp\u00f3\u0142dzielczy w Sanoku Oddzia\u0142 w Rzeszowie<br \/>\nNr konta: 71 8642 1126 2012 1137 7399 0001<\/p>\n","protected":false},"excerpt":{"rendered":"<p>HARTBEX DEVELOPMENT Sp. z o.o. Kontakt Al. Kopisto 11\/400 35-315 Rzesz\u00f3w S\u0105d Rejonowy w Rzeszowie XII Wydzia\u0142 Gospodarczy Krajowego Rejestru S\u0105dowego Nr KRS 00000445900 Kapita\u0142 zak\u0142adowy: 50 000 PLN Regon: 180934527 NIP: 813-36-76-083 Bank: Podkarpacki Bank Sp\u00f3\u0142dzielczy w Sanoku Oddzia\u0142 w Rzeszowie Nr konta: 71 8642 1126 2012 1137 7399 0001<\/p>\n","protected":false},"author":1,"featured_media":1065,"parent":0,"menu_order":0,"comment_status":"closed","ping_status":"closed","template":"page-kontakt.php","meta":[],"_links":{"self":[{"href":"https:\/\/hartbex.pl\/mieszkania\/wp-json\/wp\/v2\/pages\/68"}],"collection":[{"href":"https:\/\/hartbex.pl\/mieszkania\/wp-json\/wp\/v2\/pages"}],"about":[{"href":"https:\/\/hartbex.pl\/mieszkania\/wp-json\/wp\/v2\/types\/page"}],"author":[{"embeddable":true,"href":"https:\/\/hartbex.pl\/mieszkania\/wp-json\/wp\/v2\/users\/1"}],"replies":[{"embeddable":true,"href":"https:\/\/hartbex.pl\/mieszkania\/wp-json\/wp\/v2\/comments?post=68"}],"version-history":[{"count":1,"href":"https:\/\/hartbex.pl\/mieszkania\/wp-json\/wp\/v2\/pages\/68\/revisions"}],"predecessor-version":[{"id":1189,"href":"https:\/\/hartbex.pl\/mieszkania\/wp-json\/wp\/v2\/pages\/68\/revisions\/1189"}],"wp:featuredmedia":[{"embeddable":true,"href":"https:\/\/hartbex.pl\/mieszkania\/wp-json\/wp\/v2\/media\/1065"}],"wp:attachment":[{"href":"https:\/\/hartbex.pl\/mieszkania\/wp-json\/wp\/v2\/media?parent=68"}],"curies":[{"name":"wp","href":"https:\/\/api.w.org\/{rel}","templated":true}]}}