{"id":458,"date":"2017-02-07T08:31:55","date_gmt":"2017-02-07T07:31:55","guid":{"rendered":"https:\/\/hartbex.pl\/mieszkania\/?page_id=458"},"modified":"2022-11-30T12:38:42","modified_gmt":"2022-11-30T11:38:42","slug":"powierzchnia-biurowa-104-m%c2%b2-skawina-pow-mag","status":"publish","type":"page","link":"https:\/\/hartbex.pl\/mieszkania\/wynajem-lokali\/powierzchnia-biurowa-104-m%c2%b2-skawina-pow-mag\/","title":{"rendered":"Budynek biurowy z hal\u0105 magazynow\u0105 i pomieszczeniami do nocleg\u00f3w w standardzie hostelu o pow. ca. 605 m2."},"content":{"rendered":"<p>Oferujemy do wynaj\u0119cia budynek biurowy z hal\u0105 magazynow\u0105 i pomieszczeniami do nocleg\u00f3w w standardzie hostelu o pow. ca. 605 m2. zlokalizowany w miejscowo\u015bci Skawina, w odleg\u0142o\u015bci ok. 18 km od centrum Krakowa. Nieruchomo\u015b\u0107 posiada bardzo dobry dost\u0119p do drogi krajowej nr 44 (80m) i dogodne po\u0142\u0105czenie z autostrad\u0105 A4. Budynek wolnostoj\u0105cy parterowy, niepodpiwniczony, posiada uk\u0142ad konstrukcyjny pod\u0142u\u017cny w oparciu o trakty: 5,70 m + 2,30 m + 5,70 m. \u015aciany parteru z gazobetonu grubo\u015bci 25 cm. Konstrukcj\u0119 stropodachu stanowi\u0105 wi\u0105zary kratowe, drewniane, dwuspadowe, o d\u0142ugo\u015bci 13,80 m i wysoko\u015bci w osi 2,23 . Rozstaw poprzeczny: 1,50 m. Pokrycie stanowi blacha fa\u0142dowa T-55&#215;188 na \u0142atach w rozstawie ok. 0,50 m. W poziomie dolnego pasa oparty jest pu\u0142ap z desek gr. 25 mm a na nim spoczywa termoizolacja z p\u0142yt suprema. Budynek ocieplony: \u015bciany zewn\u0119trzne styropian gr. 15 cm + wyprawa elewacyjna akrylowa, ocieplenie stropodachu we\u0142n\u0105 mineraln\u0105 gr. 20 cm. Stolarka PCV dwuszybowa. Ogrzewanie z kot\u0142owni zewn\u0119trznej, kt\u00f3rej w\u0142a\u015bcicielem jest Przedsi\u0119biorstwo Us\u0142ug Technicznych Sp. z o.o.<\/p>\n<p>Moc przy\u0142\u0105czeniow\u0105 do obiektu: Pp wynosi 90 kW<br \/>\nIlo\u015b\u0107 miejsc parkingowych: 17<\/p>\n<p>I. cz\u0119\u015b\u0107 biurowa o pow. 104 m2 (sk\u0142ada si\u0119 z 4 pokoi, aneksu kuchennego i WC)<br \/>\n&#8211; wysoko\u015b\u0107 cz\u0119\u015bci biurowej 2,50 m (od posadzki do sufitu podwieszanego)<\/p>\n<p>II. Cze\u015b\u0107 budynku pod hostel o pow. 441 m2 ( sk\u0142adaj\u0105cy si\u0119 z 15 pokoi i cz\u0119\u015bci socjalnej 83 m2 i cz\u0119\u015bci komunikacyjnej 87 m2 )<br \/>\n&#8211; wysoko\u015b\u0107 cz\u0119\u015bci noclegowej \/pod hostel<br \/>\n&#8211; pomieszczenia komunikacji (od posadzki do sufitu podwieszanego) 2,50 m,<br \/>\n&#8211; wysoko\u015b\u0107 cz\u0119\u015bci noclegowej \/pod hostel<br \/>\n&#8211; pomieszczenia socjalne (kuchnia \u0142azienki) i pokoje: 2,85 m<\/p>\n<p>III. powierzchnia magazynowa o pow. 59,38 m2<br \/>\n&#8211; wysoko\u015b\u0107 cz\u0119\u015bci magazynowej 2,85 m (od posadzki do sufitu z p\u0142yt suprema)<\/p>\n<p>Istnieje mo\u017cliwo\u015bci rozbudowy na dzia\u0142ce: dopuszcza si\u0119 utrzymanie istniej\u0105cej zabudowy z mo\u017cliwo\u015bci\u0105 remontu, przebudowy, nadbudowy i rozbudowy, z uwzgl\u0119dnieniem pozosta\u0142ych ustale\u0144 planu. Przedmiotowa dzia\u0142ka znajduje si\u0119 w obszarze oznaczonym symbolem A5PU. Podstawowym przeznaczeniem teren\u00f3w PU jest zabudowa produkcyjna, produkcyjno \u2013 us\u0142ugowa, magazyny i sk\u0142ady. Powierzchnia dzia\u0142ki 3 444 m2.<\/p>\n<p>Termin wyga\u015bni\u0119cia wieczystego u\u017cytkowania: 5 grudnia 2089 roku<\/p>\n<p><strong><br \/>\nCena wynajmu: 40 z\u0142 netto\/m\u00b2 \u00a0+ media<br \/>\n<\/strong>Dodatkowo mo\u017cliwo\u015b\u0107 wynaj\u0119cia przyleg\u0142ej powierzchni magazynowej o \u0142\u0105cznej powierzchni 59,38 m\u00b2 w cenie 30 z\u0142 netto\/m\u00b2 + media<\/p>\n<p>&nbsp;<\/p>\n<p>Kontakt:<br \/>\ntel. +48 666 083\u00a0746<br \/>\ne-mail: lweselak@hartbex.pl<\/p>\n<p>&nbsp;<\/p>\n\n\t\t<style type=\"text\/css\">\n\t\t\t#gallery-1 {\n\t\t\t\tmargin: auto;\n\t\t\t}\n\t\t\t#gallery-1 .gallery-item {\n\t\t\t\tfloat: left;\n\t\t\t\tmargin-top: 10px;\n\t\t\t\ttext-align: center;\n\t\t\t\twidth: 33%;\n\t\t\t}\n\t\t\t#gallery-1 img {\n\t\t\t\tborder: 2px solid #cfcfcf;\n\t\t\t}\n\t\t\t#gallery-1 .gallery-caption {\n\t\t\t\tmargin-left: 0;\n\t\t\t}\n\t\t\t\/* see gallery_shortcode() in wp-includes\/media.php *\/\n\t\t<\/style>\n\t\t<div id='gallery-1' class='gallery galleryid-458 gallery-columns-3 gallery-size-thumbnail'><dl class='gallery-item'>\n\t\t\t<dt class='gallery-icon landscape'>\n\t\t\t\t<a href='https:\/\/hartbex.pl\/mieszkania\/wp-content\/uploads\/sites\/3\/2017\/02\/rzut.jpg'><img width=\"282\" height=\"282\" src=\"https:\/\/hartbex.pl\/mieszkania\/wp-content\/uploads\/sites\/3\/2017\/02\/rzut-282x282.jpg\" class=\"attachment-thumbnail size-thumbnail\" alt=\"rzut\" loading=\"lazy\" \/><\/a>\n\t\t\t<\/dt><\/dl><dl class='gallery-item'>\n\t\t\t<dt class='gallery-icon landscape'>\n\t\t\t\t<a href='https:\/\/hartbex.pl\/mieszkania\/wp-content\/uploads\/sites\/3\/2017\/02\/11.jpg'><img width=\"282\" height=\"282\" src=\"https:\/\/hartbex.pl\/mieszkania\/wp-content\/uploads\/sites\/3\/2017\/02\/11-282x282.jpg\" class=\"attachment-thumbnail size-thumbnail\" alt=\"44\" loading=\"lazy\" \/><\/a>\n\t\t\t<\/dt><\/dl><dl class='gallery-item'>\n\t\t\t<dt class='gallery-icon landscape'>\n\t\t\t\t<a href='https:\/\/hartbex.pl\/mieszkania\/wp-content\/uploads\/sites\/3\/2017\/02\/3.jpg'><img width=\"282\" height=\"282\" src=\"https:\/\/hartbex.pl\/mieszkania\/wp-content\/uploads\/sites\/3\/2017\/02\/3-282x282.jpg\" class=\"attachment-thumbnail size-thumbnail\" alt=\"3\" loading=\"lazy\" \/><\/a>\n\t\t\t<\/dt><\/dl><br style=\"clear: both\" \/><dl class='gallery-item'>\n\t\t\t<dt class='gallery-icon landscape'>\n\t\t\t\t<a href='https:\/\/hartbex.pl\/mieszkania\/wp-content\/uploads\/sites\/3\/2017\/02\/1.-KORYTARZ.jpg'><img width=\"282\" height=\"282\" src=\"https:\/\/hartbex.pl\/mieszkania\/wp-content\/uploads\/sites\/3\/2017\/02\/1.-KORYTARZ-282x282.jpg\" class=\"attachment-thumbnail size-thumbnail\" alt=\"1. Korytarz\" loading=\"lazy\" \/><\/a>\n\t\t\t<\/dt><\/dl><dl class='gallery-item'>\n\t\t\t<dt class='gallery-icon landscape'>\n\t\t\t\t<a href='https:\/\/hartbex.pl\/mieszkania\/wp-content\/uploads\/sites\/3\/2017\/02\/2.-POMIESZCZENIE-BIUROWE-NR-1.jpg'><img width=\"282\" height=\"282\" src=\"https:\/\/hartbex.pl\/mieszkania\/wp-content\/uploads\/sites\/3\/2017\/02\/2.-POMIESZCZENIE-BIUROWE-NR-1-282x282.jpg\" class=\"attachment-thumbnail size-thumbnail\" alt=\"2. POMIESZCZENIE BIUROWE NR 1\" loading=\"lazy\" \/><\/a>\n\t\t\t<\/dt><\/dl><dl class='gallery-item'>\n\t\t\t<dt class='gallery-icon landscape'>\n\t\t\t\t<a href='https:\/\/hartbex.pl\/mieszkania\/wp-content\/uploads\/sites\/3\/2017\/02\/3.-POMIESZCZENIE-BIUROWE-NR-2.jpg'><img width=\"282\" height=\"282\" src=\"https:\/\/hartbex.pl\/mieszkania\/wp-content\/uploads\/sites\/3\/2017\/02\/3.-POMIESZCZENIE-BIUROWE-NR-2-282x282.jpg\" class=\"attachment-thumbnail size-thumbnail\" alt=\"3. POMIESZCZENIE BIUROWE NR 2\" loading=\"lazy\" \/><\/a>\n\t\t\t<\/dt><\/dl><br style=\"clear: both\" \/><dl class='gallery-item'>\n\t\t\t<dt class='gallery-icon landscape'>\n\t\t\t\t<a href='https:\/\/hartbex.pl\/mieszkania\/wp-content\/uploads\/sites\/3\/2017\/02\/4.-POMIESZCZENIE-BIUROWE-NR-2.jpg'><img width=\"282\" height=\"282\" src=\"https:\/\/hartbex.pl\/mieszkania\/wp-content\/uploads\/sites\/3\/2017\/02\/4.-POMIESZCZENIE-BIUROWE-NR-2-282x282.jpg\" class=\"attachment-thumbnail size-thumbnail\" alt=\"4. POMIESZCZENIE BIUROWE NR 2\" loading=\"lazy\" \/><\/a>\n\t\t\t<\/dt><\/dl><dl class='gallery-item'>\n\t\t\t<dt class='gallery-icon landscape'>\n\t\t\t\t<a href='https:\/\/hartbex.pl\/mieszkania\/wp-content\/uploads\/sites\/3\/2017\/02\/5.-POMIESZCZENIE-BIUROWE-NR-3.jpg'><img width=\"282\" height=\"282\" src=\"https:\/\/hartbex.pl\/mieszkania\/wp-content\/uploads\/sites\/3\/2017\/02\/5.-POMIESZCZENIE-BIUROWE-NR-3-282x282.jpg\" class=\"attachment-thumbnail size-thumbnail\" alt=\"5. POMIESZCZENIE BIUROWE NR 3\" loading=\"lazy\" \/><\/a>\n\t\t\t<\/dt><\/dl><dl class='gallery-item'>\n\t\t\t<dt class='gallery-icon landscape'>\n\t\t\t\t<a href='https:\/\/hartbex.pl\/mieszkania\/wp-content\/uploads\/sites\/3\/2017\/02\/6.-POMIESZCZENIE-BIUROWE-NR-3.jpg'><img width=\"282\" height=\"282\" src=\"https:\/\/hartbex.pl\/mieszkania\/wp-content\/uploads\/sites\/3\/2017\/02\/6.-POMIESZCZENIE-BIUROWE-NR-3-282x282.jpg\" class=\"attachment-thumbnail size-thumbnail\" alt=\"6. POMIESZCZENIE BIUROWE NR 3\" loading=\"lazy\" \/><\/a>\n\t\t\t<\/dt><\/dl><br style=\"clear: both\" \/><dl class='gallery-item'>\n\t\t\t<dt class='gallery-icon landscape'>\n\t\t\t\t<a href='https:\/\/hartbex.pl\/mieszkania\/wp-content\/uploads\/sites\/3\/2017\/02\/7.-POMIESZCZENIE-BIUROWE-NR-4.jpg'><img width=\"282\" height=\"282\" src=\"https:\/\/hartbex.pl\/mieszkania\/wp-content\/uploads\/sites\/3\/2017\/02\/7.-POMIESZCZENIE-BIUROWE-NR-4-282x282.jpg\" class=\"attachment-thumbnail size-thumbnail\" alt=\"7. POMIESZCZENIE BIUROWE NR 4\" loading=\"lazy\" \/><\/a>\n\t\t\t<\/dt><\/dl><dl class='gallery-item'>\n\t\t\t<dt class='gallery-icon landscape'>\n\t\t\t\t<a href='https:\/\/hartbex.pl\/mieszkania\/wp-content\/uploads\/sites\/3\/2017\/02\/8.-POMIESZCZENIE-BIUROWE-NR-4.jpg'><img width=\"282\" height=\"282\" src=\"https:\/\/hartbex.pl\/mieszkania\/wp-content\/uploads\/sites\/3\/2017\/02\/8.-POMIESZCZENIE-BIUROWE-NR-4-282x282.jpg\" class=\"attachment-thumbnail size-thumbnail\" alt=\"8. POMIESZCZENIE BIUROWE NR 4\" loading=\"lazy\" \/><\/a>\n\t\t\t<\/dt><\/dl><dl class='gallery-item'>\n\t\t\t<dt class='gallery-icon landscape'>\n\t\t\t\t<a href='https:\/\/hartbex.pl\/mieszkania\/wp-content\/uploads\/sites\/3\/2017\/02\/9.-POMIESZCZENIE-BIUROWE-NR-4.jpg'><img width=\"282\" height=\"282\" src=\"https:\/\/hartbex.pl\/mieszkania\/wp-content\/uploads\/sites\/3\/2017\/02\/9.-POMIESZCZENIE-BIUROWE-NR-4-282x282.jpg\" class=\"attachment-thumbnail size-thumbnail\" alt=\"9. POMIESZCZENIE BIUROWE NR 4\" loading=\"lazy\" \/><\/a>\n\t\t\t<\/dt><\/dl><br style=\"clear: both\" \/><dl class='gallery-item'>\n\t\t\t<dt class='gallery-icon landscape'>\n\t\t\t\t<a href='https:\/\/hartbex.pl\/mieszkania\/wp-content\/uploads\/sites\/3\/2017\/02\/10.-POMIESZCZENIE-SOCJALNE.jpg'><img width=\"282\" height=\"282\" src=\"https:\/\/hartbex.pl\/mieszkania\/wp-content\/uploads\/sites\/3\/2017\/02\/10.-POMIESZCZENIE-SOCJALNE-282x282.jpg\" class=\"attachment-thumbnail size-thumbnail\" alt=\"10. POMIESZCZENIE SOCJALNE\" loading=\"lazy\" \/><\/a>\n\t\t\t<\/dt><\/dl><dl class='gallery-item'>\n\t\t\t<dt class='gallery-icon portrait'>\n\t\t\t\t<a href='https:\/\/hartbex.pl\/mieszkania\/wp-content\/uploads\/sites\/3\/2017\/02\/11.-POMIESZCZENIE-WC.jpg'><img width=\"282\" height=\"282\" src=\"https:\/\/hartbex.pl\/mieszkania\/wp-content\/uploads\/sites\/3\/2017\/02\/11.-POMIESZCZENIE-WC-282x282.jpg\" class=\"attachment-thumbnail size-thumbnail\" alt=\"11. POMIESZCZENIE WC\" loading=\"lazy\" \/><\/a>\n\t\t\t<\/dt><\/dl>\n\t\t\t<br style='clear: both' \/>\n\t\t<\/div>\n\n","protected":false},"excerpt":{"rendered":"<p>Oferujemy do wynaj\u0119cia budynek biurowy z hal\u0105 magazynow\u0105 i pomieszczeniami do nocleg\u00f3w w standardzie hostelu o pow. ca. 605 m2. zlokalizowany w miejscowo\u015bci Skawina, w odleg\u0142o\u015bci ok. 18 km od centrum Krakowa. Nieruchomo\u015b\u0107 posiada bardzo dobry dost\u0119p do drogi krajowej nr 44 (80m) i dogodne po\u0142\u0105czenie z autostrad\u0105 A4. Budynek wolnostoj\u0105cy parterowy, niepodpiwniczony, posiada uk\u0142ad [&hellip;]<\/p>\n","protected":false},"author":4,"featured_media":0,"parent":15,"menu_order":0,"comment_status":"closed","ping_status":"closed","template":"","meta":[],"_links":{"self":[{"href":"https:\/\/hartbex.pl\/mieszkania\/wp-json\/wp\/v2\/pages\/458"}],"collection":[{"href":"https:\/\/hartbex.pl\/mieszkania\/wp-json\/wp\/v2\/pages"}],"about":[{"href":"https:\/\/hartbex.pl\/mieszkania\/wp-json\/wp\/v2\/types\/page"}],"author":[{"embeddable":true,"href":"https:\/\/hartbex.pl\/mieszkania\/wp-json\/wp\/v2\/users\/4"}],"replies":[{"embeddable":true,"href":"https:\/\/hartbex.pl\/mieszkania\/wp-json\/wp\/v2\/comments?post=458"}],"version-history":[{"count":4,"href":"https:\/\/hartbex.pl\/mieszkania\/wp-json\/wp\/v2\/pages\/458\/revisions"}],"predecessor-version":[{"id":982,"href":"https:\/\/hartbex.pl\/mieszkania\/wp-json\/wp\/v2\/pages\/458\/revisions\/982"}],"up":[{"embeddable":true,"href":"https:\/\/hartbex.pl\/mieszkania\/wp-json\/wp\/v2\/pages\/15"}],"wp:attachment":[{"href":"https:\/\/hartbex.pl\/mieszkania\/wp-json\/wp\/v2\/media?parent=458"}],"curies":[{"name":"wp","href":"https:\/\/api.w.org\/{rel}","templated":true}]}}