{"id":337,"date":"2016-08-03T08:03:17","date_gmt":"2016-08-03T06:03:17","guid":{"rendered":"https:\/\/hartbex.pl\/mieszkania\/?page_id=337"},"modified":"2022-11-04T12:43:10","modified_gmt":"2022-11-04T11:43:10","slug":"lokal-biurowy-w-rzeszowie-przy-ul-kwiatkowskiego-2b","status":"publish","type":"page","link":"https:\/\/hartbex.pl\/mieszkania\/wynajem-lokali\/lokal-biurowy-w-rzeszowie-przy-ul-kwiatkowskiego-2b\/","title":{"rendered":"Lokale biurowo-us\u0142ugowe, 114m2 przy ul. Kwiatkowskiego 2b"},"content":{"rendered":"<p>Oferujemy do wynajmu lokale biurowo &#8211; us\u0142ugowe na II i IV pi\u0119trze przy ul. Kwiatkowskiego 2b, w wydzielonej cz\u0119\u015bci budynku, z osobnym i niezale\u017cnym wej\u015bciem, posiadaj\u0105cy w\u0142asna wind\u0119.<\/p>\n<p>Lokal biurowy na II pi\u0119trze rozk\u0142adowy, sk\u0142ada si\u0119 z 3 oddzielnych zamykanych pokoi, oddzielnej kuchni \/ pomieszczenia socjalnego , dw\u00f3ch \u0142azienek , Przestronny przedpok\u00f3j daje mo\u017cliwo\u015b\u0107 stworzenia komfortowej poczekalni.<\/p>\n<p>Lokal biurowy na IV pi\u0119trze mo\u017ce stanowi\u0107 jedno du\u017ce pomieszczenie biurowe typu open space z mo\u017cliwo\u015bci\u0105 w\u0142asnej aran\u017cacji na mniejsze pomieszczenia.<\/p>\n<p>Lokale wyposa\u017cone w dwie \u0142azienki, pomieszczenie socjalne. \u0141azienki oraz posadzki wyko\u0144czone s\u0105 w granicie, \u015bciany wyg\u0142adzone i pomalowane. Lokale posiadaj\u0105 pomieszczenie przynale\u017cne zlokalizowane na tym samym pi\u0119trze. Na klatce schody granitowe, por\u0119cze chromoniklowe, cichobie\u017cna winda.<br \/>\nMiejsca parkingowe przed budynkiem og\u00f3lnodost\u0119pne. Istnieje mo\u017cliwo\u015b\u0107 wynaj\u0119cia miejsc postojowych na terenie zamkni\u0119tego parkingu naziemnego.<\/p>\n<p>Wysoki presti\u017c biura podkre\u015bla niepowtarzalny widok na panoram\u0119 Rzeszowa.<br \/>\nDodatkowym atutem budynku s\u0105 cichobie\u017cne windy, ekskluzywnie wyko\u0144czenie klatki schodowej oraz du\u017ce, przeszklone powierzchnie biur. Lokale doskonale zlokalizowane, dogodny dojazd przy obwodnicy Rzeszowa, blisko przystanki komunikacji miejskiej.<\/p>\n<p><strong>Cena wynajmu 80,00 z\u0142 netto\/m\u00b2<\/strong><\/p>\n\n\t\t<style type=\"text\/css\">\n\t\t\t#gallery-1 {\n\t\t\t\tmargin: auto;\n\t\t\t}\n\t\t\t#gallery-1 .gallery-item {\n\t\t\t\tfloat: left;\n\t\t\t\tmargin-top: 10px;\n\t\t\t\ttext-align: center;\n\t\t\t\twidth: 33%;\n\t\t\t}\n\t\t\t#gallery-1 img {\n\t\t\t\tborder: 2px solid #cfcfcf;\n\t\t\t}\n\t\t\t#gallery-1 .gallery-caption {\n\t\t\t\tmargin-left: 0;\n\t\t\t}\n\t\t\t\/* see gallery_shortcode() in wp-includes\/media.php *\/\n\t\t<\/style>\n\t\t<div id='gallery-1' class='gallery galleryid-337 gallery-columns-3 gallery-size-thumbnail'><dl class='gallery-item'>\n\t\t\t<dt class='gallery-icon landscape'>\n\t\t\t\t<a href='https:\/\/hartbex.pl\/mieszkania\/wp-content\/uploads\/sites\/3\/2021\/01\/IMG_6018-scaled.jpg'><img width=\"282\" height=\"282\" src=\"https:\/\/hartbex.pl\/mieszkania\/wp-content\/uploads\/sites\/3\/2021\/01\/IMG_6018-282x282.jpg\" class=\"attachment-thumbnail size-thumbnail\" alt=\"\" loading=\"lazy\" \/><\/a>\n\t\t\t<\/dt><\/dl><dl class='gallery-item'>\n\t\t\t<dt class='gallery-icon landscape'>\n\t\t\t\t<a href='https:\/\/hartbex.pl\/mieszkania\/wp-content\/uploads\/sites\/3\/2021\/01\/IMG_6020-scaled.jpg'><img width=\"282\" height=\"282\" src=\"https:\/\/hartbex.pl\/mieszkania\/wp-content\/uploads\/sites\/3\/2021\/01\/IMG_6020-282x282.jpg\" class=\"attachment-thumbnail size-thumbnail\" alt=\"\" loading=\"lazy\" \/><\/a>\n\t\t\t<\/dt><\/dl><dl class='gallery-item'>\n\t\t\t<dt class='gallery-icon portrait'>\n\t\t\t\t<a href='https:\/\/hartbex.pl\/mieszkania\/wp-content\/uploads\/sites\/3\/2021\/01\/II.jpg'><img width=\"282\" height=\"282\" src=\"https:\/\/hartbex.pl\/mieszkania\/wp-content\/uploads\/sites\/3\/2021\/01\/II-282x282.jpg\" class=\"attachment-thumbnail size-thumbnail\" alt=\"\" loading=\"lazy\" \/><\/a>\n\t\t\t<\/dt><\/dl><br style=\"clear: both\" \/><dl class='gallery-item'>\n\t\t\t<dt class='gallery-icon portrait'>\n\t\t\t\t<a href='https:\/\/hartbex.pl\/mieszkania\/wp-content\/uploads\/sites\/3\/2021\/01\/IV.jpg'><img width=\"282\" height=\"282\" src=\"https:\/\/hartbex.pl\/mieszkania\/wp-content\/uploads\/sites\/3\/2021\/01\/IV-282x282.jpg\" class=\"attachment-thumbnail size-thumbnail\" alt=\"\" loading=\"lazy\" \/><\/a>\n\t\t\t<\/dt><\/dl><dl class='gallery-item'>\n\t\t\t<dt class='gallery-icon portrait'>\n\t\t\t\t<a href='https:\/\/hartbex.pl\/mieszkania\/wp-content\/uploads\/sites\/3\/2021\/01\/zdjecie-schody.jpg'><img width=\"282\" height=\"282\" src=\"https:\/\/hartbex.pl\/mieszkania\/wp-content\/uploads\/sites\/3\/2021\/01\/zdjecie-schody-282x282.jpg\" class=\"attachment-thumbnail size-thumbnail\" alt=\"\" loading=\"lazy\" \/><\/a>\n\t\t\t<\/dt><\/dl><dl class='gallery-item'>\n\t\t\t<dt class='gallery-icon portrait'>\n\t\t\t\t<a href='https:\/\/hartbex.pl\/mieszkania\/wp-content\/uploads\/sites\/3\/2021\/01\/zdjecie-winda.jpg'><img width=\"282\" height=\"282\" src=\"https:\/\/hartbex.pl\/mieszkania\/wp-content\/uploads\/sites\/3\/2021\/01\/zdjecie-winda-282x282.jpg\" class=\"attachment-thumbnail size-thumbnail\" alt=\"\" loading=\"lazy\" \/><\/a>\n\t\t\t<\/dt><\/dl><br style=\"clear: both\" \/>\n\t\t<\/div>\n\n","protected":false},"excerpt":{"rendered":"<p>Oferujemy do wynajmu lokale biurowo &#8211; us\u0142ugowe na II i IV pi\u0119trze przy ul. Kwiatkowskiego 2b, w wydzielonej cz\u0119\u015bci budynku, z osobnym i niezale\u017cnym wej\u015bciem, posiadaj\u0105cy w\u0142asna wind\u0119. Lokal biurowy na II pi\u0119trze rozk\u0142adowy, sk\u0142ada si\u0119 z 3 oddzielnych zamykanych pokoi, oddzielnej kuchni \/ pomieszczenia socjalnego , dw\u00f3ch \u0142azienek , Przestronny przedpok\u00f3j daje mo\u017cliwo\u015b\u0107 stworzenia [&hellip;]<\/p>\n","protected":false},"author":4,"featured_media":0,"parent":15,"menu_order":0,"comment_status":"closed","ping_status":"closed","template":"","meta":[],"_links":{"self":[{"href":"https:\/\/hartbex.pl\/mieszkania\/wp-json\/wp\/v2\/pages\/337"}],"collection":[{"href":"https:\/\/hartbex.pl\/mieszkania\/wp-json\/wp\/v2\/pages"}],"about":[{"href":"https:\/\/hartbex.pl\/mieszkania\/wp-json\/wp\/v2\/types\/page"}],"author":[{"embeddable":true,"href":"https:\/\/hartbex.pl\/mieszkania\/wp-json\/wp\/v2\/users\/4"}],"replies":[{"embeddable":true,"href":"https:\/\/hartbex.pl\/mieszkania\/wp-json\/wp\/v2\/comments?post=337"}],"version-history":[{"count":1,"href":"https:\/\/hartbex.pl\/mieszkania\/wp-json\/wp\/v2\/pages\/337\/revisions"}],"predecessor-version":[{"id":976,"href":"https:\/\/hartbex.pl\/mieszkania\/wp-json\/wp\/v2\/pages\/337\/revisions\/976"}],"up":[{"embeddable":true,"href":"https:\/\/hartbex.pl\/mieszkania\/wp-json\/wp\/v2\/pages\/15"}],"wp:attachment":[{"href":"https:\/\/hartbex.pl\/mieszkania\/wp-json\/wp\/v2\/media?parent=337"}],"curies":[{"name":"wp","href":"https:\/\/api.w.org\/{rel}","templated":true}]}}