{"id":315,"date":"2016-07-06T08:04:54","date_gmt":"2016-07-06T06:04:54","guid":{"rendered":"https:\/\/hartbex.pl\/mieszkania\/?page_id=315"},"modified":"2024-04-05T09:27:14","modified_gmt":"2024-04-05T07:27:14","slug":"2-pokojowe-mieszkanie-w-centrum-rzeszowa-oferta-nr-6","status":"publish","type":"page","link":"https:\/\/hartbex.pl\/mieszkania\/wynajem-mieszkan\/2-pokojowe-mieszkanie-w-centrum-rzeszowa-oferta-nr-6\/","title":{"rendered":"Mieszkanie 34,96 m w Rzeszowie"},"content":{"rendered":"<p>Do wynaj\u0119cia mieszkanie (34,96\u00a0m\u00b2) zlokalizowane\u00a0na presti\u017cowym osiedlu \u201e<strong>Apartamenty Zamkowe<\/strong>\u201d w Rzeszowie, al. mjr W. Kopisto. Nieruchomo\u015b\u0107 zlokalizowana na 5. pi\u0119trze.<\/p>\n<p>Sk\u0142ada si\u0119 z salonu po\u0142\u0105czonego z aneksem kuchennym oraz wyj\u015bciem na balkon,\u00a01\u00a0sypialni,\u00a01\u00a0\u0142azienki oraz przedpokoju. <strong>Mieszkanie w pe\u0142ni umeblowane i wyposa\u017cone<\/strong>.<\/p>\n<p>Mieszkanie komfortowo wyposa\u017cone oraz wyko\u0144czone z u\u017cyciem wysokiej jako\u015bci materia\u0142\u00f3w! Lokal ten jest dobrym rozwi\u0105zaniem dla os\u00f3b ceni\u0105cych sobie przestrze\u0144 i wysoki standard mieszkania. Ze wzgl\u0119du na funkcjonalny uk\u0142ad pomieszcze\u0144 mieszkanie to mo\u017ce by\u0107 zamieszkiwane przez 2 do 4 os\u00f3b.<\/p>\n<p>Mieszkanie zlokalizowane w bardzo korzystnej lokalizacji zapewniaj\u0105cej <strong>szybki dost\u0119p do centrum Rzeszowa<\/strong>. Wok\u00f3\u0142 pe\u0142na infrastruktura handlowo- us\u0142ugowa, centrum Millenium Hall, banki, przychodnie, apteki, szko\u0142y, ko\u015bci\u00f3\u0142. Dodatkowo, w pobli\u017cu znajduj\u0105 si\u0119 tereny zielone, bulwary rzeszowskie, \u015bcie\u017cki rowerowe oraz hala widowiskowo- sportowa Podpromie. Blisko\u015b\u0107 przystank\u00f3w komunikacji miejskiej zapewnia szybki dost\u0119p do dowolnego miejsca w mie\u015bcie. Mieszkanie jest idealnym rozwi\u0105zaniem dla os\u00f3b ceni\u0105cych sobie komfort i szybki dost\u0119p do najwa\u017cniejszych punkt\u00f3w Rzeszowa.<\/p>\n<p><strong>Koszt wynajmu: 2500 PLN + media<\/strong><\/p>\n<p>Dodatkowe zalety winda, ogrzewanie miejskie, domofon, teren ogrodzony, monitoring<\/p>\n<p>&nbsp;<\/p>\n<p><span style=\"color: #ff0000;\">Obecny status mieszkania &#8211; wynaj\u0119te. Kontakt: +48 17 250 94 47.<\/span><\/p>\n\n\t\t<style type=\"text\/css\">\n\t\t\t#gallery-1 {\n\t\t\t\tmargin: auto;\n\t\t\t}\n\t\t\t#gallery-1 .gallery-item {\n\t\t\t\tfloat: left;\n\t\t\t\tmargin-top: 10px;\n\t\t\t\ttext-align: center;\n\t\t\t\twidth: 33%;\n\t\t\t}\n\t\t\t#gallery-1 img {\n\t\t\t\tborder: 2px solid #cfcfcf;\n\t\t\t}\n\t\t\t#gallery-1 .gallery-caption {\n\t\t\t\tmargin-left: 0;\n\t\t\t}\n\t\t\t\/* see gallery_shortcode() in wp-includes\/media.php *\/\n\t\t<\/style>\n\t\t<div id='gallery-1' class='gallery galleryid-315 gallery-columns-3 gallery-size-thumbnail'><dl class='gallery-item'>\n\t\t\t<dt class='gallery-icon landscape'>\n\t\t\t\t<a href='https:\/\/hartbex.pl\/mieszkania\/wp-content\/uploads\/sites\/3\/2016\/07\/img-4974.jpg'><img width=\"282\" height=\"282\" src=\"https:\/\/hartbex.pl\/mieszkania\/wp-content\/uploads\/sites\/3\/2016\/07\/img-4974-282x282.jpg\" class=\"attachment-thumbnail size-thumbnail\" alt=\"img-4974\" loading=\"lazy\" \/><\/a>\n\t\t\t<\/dt><\/dl><dl class='gallery-item'>\n\t\t\t<dt class='gallery-icon landscape'>\n\t\t\t\t<a href='https:\/\/hartbex.pl\/mieszkania\/wp-content\/uploads\/sites\/3\/2016\/07\/img-4976.jpg'><img width=\"282\" height=\"282\" src=\"https:\/\/hartbex.pl\/mieszkania\/wp-content\/uploads\/sites\/3\/2016\/07\/img-4976-282x282.jpg\" class=\"attachment-thumbnail size-thumbnail\" alt=\"img-4976\" loading=\"lazy\" \/><\/a>\n\t\t\t<\/dt><\/dl><dl class='gallery-item'>\n\t\t\t<dt class='gallery-icon landscape'>\n\t\t\t\t<a href='https:\/\/hartbex.pl\/mieszkania\/wp-content\/uploads\/sites\/3\/2016\/07\/img-4994.jpg'><img width=\"282\" height=\"282\" src=\"https:\/\/hartbex.pl\/mieszkania\/wp-content\/uploads\/sites\/3\/2016\/07\/img-4994-282x282.jpg\" class=\"attachment-thumbnail size-thumbnail\" alt=\"img-4994\" loading=\"lazy\" \/><\/a>\n\t\t\t<\/dt><\/dl><br style=\"clear: both\" \/><dl class='gallery-item'>\n\t\t\t<dt class='gallery-icon portrait'>\n\t\t\t\t<a href='https:\/\/hartbex.pl\/mieszkania\/wp-content\/uploads\/sites\/3\/2016\/07\/img-4979.jpg'><img width=\"282\" height=\"282\" src=\"https:\/\/hartbex.pl\/mieszkania\/wp-content\/uploads\/sites\/3\/2016\/07\/img-4979-282x282.jpg\" class=\"attachment-thumbnail size-thumbnail\" alt=\"img-4979\" loading=\"lazy\" \/><\/a>\n\t\t\t<\/dt><\/dl><dl class='gallery-item'>\n\t\t\t<dt class='gallery-icon portrait'>\n\t\t\t\t<a href='https:\/\/hartbex.pl\/mieszkania\/wp-content\/uploads\/sites\/3\/2016\/07\/img-4981.jpg'><img width=\"282\" height=\"282\" src=\"https:\/\/hartbex.pl\/mieszkania\/wp-content\/uploads\/sites\/3\/2016\/07\/img-4981-282x282.jpg\" class=\"attachment-thumbnail size-thumbnail\" alt=\"img-4981\" loading=\"lazy\" \/><\/a>\n\t\t\t<\/dt><\/dl><dl class='gallery-item'>\n\t\t\t<dt class='gallery-icon portrait'>\n\t\t\t\t<a href='https:\/\/hartbex.pl\/mieszkania\/wp-content\/uploads\/sites\/3\/2016\/07\/img-49841.jpg'><img width=\"282\" height=\"282\" src=\"https:\/\/hartbex.pl\/mieszkania\/wp-content\/uploads\/sites\/3\/2016\/07\/img-49841-282x282.jpg\" class=\"attachment-thumbnail size-thumbnail\" alt=\"img-4984\" loading=\"lazy\" \/><\/a>\n\t\t\t<\/dt><\/dl><br style=\"clear: both\" \/><dl class='gallery-item'>\n\t\t\t<dt class='gallery-icon portrait'>\n\t\t\t\t<a href='https:\/\/hartbex.pl\/mieszkania\/wp-content\/uploads\/sites\/3\/2016\/07\/img-49861.jpg'><img width=\"282\" height=\"282\" src=\"https:\/\/hartbex.pl\/mieszkania\/wp-content\/uploads\/sites\/3\/2016\/07\/img-49861-282x282.jpg\" class=\"attachment-thumbnail size-thumbnail\" alt=\"img-4986\" loading=\"lazy\" \/><\/a>\n\t\t\t<\/dt><\/dl><dl class='gallery-item'>\n\t\t\t<dt class='gallery-icon portrait'>\n\t\t\t\t<a href='https:\/\/hartbex.pl\/mieszkania\/wp-content\/uploads\/sites\/3\/2016\/07\/img-49921.jpg'><img width=\"282\" height=\"282\" src=\"https:\/\/hartbex.pl\/mieszkania\/wp-content\/uploads\/sites\/3\/2016\/07\/img-49921-282x282.jpg\" class=\"attachment-thumbnail size-thumbnail\" alt=\"img-4992\" loading=\"lazy\" \/><\/a>\n\t\t\t<\/dt><\/dl><dl class='gallery-item'>\n\t\t\t<dt class='gallery-icon landscape'>\n\t\t\t\t<a href='https:\/\/hartbex.pl\/mieszkania\/wp-content\/uploads\/sites\/3\/2016\/07\/423A.jpg'><img width=\"282\" height=\"282\" src=\"https:\/\/hartbex.pl\/mieszkania\/wp-content\/uploads\/sites\/3\/2016\/07\/423A-282x282.jpg\" class=\"attachment-thumbnail size-thumbnail\" alt=\"423A\" loading=\"lazy\" srcset=\"https:\/\/hartbex.pl\/mieszkania\/wp-content\/uploads\/sites\/3\/2016\/07\/423A-282x282.jpg 282w, https:\/\/hartbex.pl\/mieszkania\/wp-content\/uploads\/sites\/3\/2016\/07\/423A-266x266.jpg 266w\" sizes=\"(max-width: 282px) 100vw, 282px\" \/><\/a>\n\t\t\t<\/dt><\/dl><br style=\"clear: both\" \/>\n\t\t<\/div>\n\n","protected":false},"excerpt":{"rendered":"<p>Do wynaj\u0119cia mieszkanie (34,96\u00a0m\u00b2) zlokalizowane\u00a0na presti\u017cowym osiedlu \u201eApartamenty Zamkowe\u201d w Rzeszowie, al. mjr W. Kopisto. Nieruchomo\u015b\u0107 zlokalizowana na 5. pi\u0119trze. Sk\u0142ada si\u0119 z salonu po\u0142\u0105czonego z aneksem kuchennym oraz wyj\u015bciem na balkon,\u00a01\u00a0sypialni,\u00a01\u00a0\u0142azienki oraz przedpokoju. Mieszkanie w pe\u0142ni umeblowane i wyposa\u017cone. Mieszkanie komfortowo wyposa\u017cone oraz wyko\u0144czone z u\u017cyciem wysokiej jako\u015bci materia\u0142\u00f3w! Lokal ten jest dobrym rozwi\u0105zaniem [&hellip;]<\/p>\n","protected":false},"author":4,"featured_media":0,"parent":17,"menu_order":0,"comment_status":"closed","ping_status":"closed","template":"","meta":[],"_links":{"self":[{"href":"https:\/\/hartbex.pl\/mieszkania\/wp-json\/wp\/v2\/pages\/315"}],"collection":[{"href":"https:\/\/hartbex.pl\/mieszkania\/wp-json\/wp\/v2\/pages"}],"about":[{"href":"https:\/\/hartbex.pl\/mieszkania\/wp-json\/wp\/v2\/types\/page"}],"author":[{"embeddable":true,"href":"https:\/\/hartbex.pl\/mieszkania\/wp-json\/wp\/v2\/users\/4"}],"replies":[{"embeddable":true,"href":"https:\/\/hartbex.pl\/mieszkania\/wp-json\/wp\/v2\/comments?post=315"}],"version-history":[{"count":4,"href":"https:\/\/hartbex.pl\/mieszkania\/wp-json\/wp\/v2\/pages\/315\/revisions"}],"predecessor-version":[{"id":1139,"href":"https:\/\/hartbex.pl\/mieszkania\/wp-json\/wp\/v2\/pages\/315\/revisions\/1139"}],"up":[{"embeddable":true,"href":"https:\/\/hartbex.pl\/mieszkania\/wp-json\/wp\/v2\/pages\/17"}],"wp:attachment":[{"href":"https:\/\/hartbex.pl\/mieszkania\/wp-json\/wp\/v2\/media?parent=315"}],"curies":[{"name":"wp","href":"https:\/\/api.w.org\/{rel}","templated":true}]}}