{"id":15,"date":"2015-10-14T14:26:22","date_gmt":"2015-10-14T12:26:22","guid":{"rendered":"https:\/\/hartbex.pl\/mieszkania\/?page_id=15"},"modified":"2024-03-13T14:14:42","modified_gmt":"2024-03-13T13:14:42","slug":"wynajem-lokali","status":"publish","type":"page","link":"https:\/\/hartbex.pl\/mieszkania\/wynajem-lokali\/","title":{"rendered":"Wynajem lokali"},"content":{"rendered":"<p>&nbsp;<\/p>\n<ul class=\"ogloszenia\">\n<li><strong><a title=\"Budynek biurowy z hal\u0105 magazynow\u0105 i pomieszczeniami do nocleg\u00f3w w standardzie hostelu o pow. ca. 605 m2.\" href=\"https:\/\/hartbex.pl\/mieszkania\/powierzchnia-biurowa-104-m%c2%b2-skawina-pow-mag\/\">Budynek biurowy z hal\u0105 magazynow\u0105 i pomieszczeniami do nocleg\u00f3w w standardzie hostelu o pow. ca. 605 m2.<\/a><\/strong><\/li>\n<li><strong><a title=\"Lokal biurowy w Rzeszowie przy ul. Kwiatkowskiego 2b o pow. ca\u0142kowitej 114,47 m\u00b2 \ufffc\" href=\"https:\/\/hartbex.pl\/mieszkania\/lokal-biurowy-w-rzeszowie-przy-ul-kwiatkowskiego-2b\/\">Lokal biurowy w Rzeszowie przy ul. Kwiatkowskiego 2b o pow. ca\u0142kowitej 114,47 m\u00b2<\/a><\/strong><\/li>\n<\/ul>\n","protected":false},"excerpt":{"rendered":"<p>&nbsp; Budynek biurowy z hal\u0105 magazynow\u0105 i pomieszczeniami do nocleg\u00f3w w standardzie hostelu o pow. ca. 605 m2. Lokal biurowy w Rzeszowie przy ul. Kwiatkowskiego 2b o pow. ca\u0142kowitej 114,47 m\u00b2<\/p>\n","protected":false},"author":1,"featured_media":0,"parent":0,"menu_order":0,"comment_status":"closed","ping_status":"closed","template":"","meta":[],"_links":{"self":[{"href":"https:\/\/hartbex.pl\/mieszkania\/wp-json\/wp\/v2\/pages\/15"}],"collection":[{"href":"https:\/\/hartbex.pl\/mieszkania\/wp-json\/wp\/v2\/pages"}],"about":[{"href":"https:\/\/hartbex.pl\/mieszkania\/wp-json\/wp\/v2\/types\/page"}],"author":[{"embeddable":true,"href":"https:\/\/hartbex.pl\/mieszkania\/wp-json\/wp\/v2\/users\/1"}],"replies":[{"embeddable":true,"href":"https:\/\/hartbex.pl\/mieszkania\/wp-json\/wp\/v2\/comments?post=15"}],"version-history":[{"count":2,"href":"https:\/\/hartbex.pl\/mieszkania\/wp-json\/wp\/v2\/pages\/15\/revisions"}],"predecessor-version":[{"id":1126,"href":"https:\/\/hartbex.pl\/mieszkania\/wp-json\/wp\/v2\/pages\/15\/revisions\/1126"}],"wp:attachment":[{"href":"https:\/\/hartbex.pl\/mieszkania\/wp-json\/wp\/v2\/media?parent=15"}],"curies":[{"name":"wp","href":"https:\/\/api.w.org\/{rel}","templated":true}]}}