{"id":13,"date":"2021-09-22T09:25:55","date_gmt":"2021-09-22T07:25:55","guid":{"rendered":"https:\/\/hartbex.pl\/mieszkania\/?page_id=13"},"modified":"2024-03-13T14:15:03","modified_gmt":"2024-03-13T13:15:03","slug":"sprzedaz-lokali","status":"publish","type":"page","link":"https:\/\/hartbex.pl\/mieszkania\/sprzedaz-lokali\/","title":{"rendered":"Sprzeda\u017c lokali"},"content":{"rendered":"<p>&nbsp;<\/p>\n<ul class=\"ogloszenia\">\n<li><strong><a title=\"Lokal us\u0142ugowo \u2013 handlowy 76 m2 -ul. So\u0142tysowska, Krak\u00f3w, Czy\u017cyny\" href=\"https:\/\/hartbex.pl\/mieszkania\/lokal-uslugowo-handlowy-7740m2-ul-soltysowska-krakow-czyzyny\/\">Lokal us\u0142ugowo \u2013 handlowy 76 m2 -ul. So\u0142tysowska, Krak\u00f3w, Czy\u017cyny<\/a><\/strong><\/li>\n<li><strong><a title=\"Budynek biurowy z hal\u0105 magazynow\u0105 i pomieszczeniami do nocleg\u00f3w w standardzie hostelu o pow. ca. 605 m2.\" href=\"https:\/\/hartbex.pl\/mieszkania\/hala-magazynowa-z-budynkiem-biurowym-i-hotelem-robotniczym\/\">Budynek biurowy z hal\u0105 magazynow\u0105 i pomieszczeniami do nocleg\u00f3w w standardzie hostelu o pow. ca. 605 m2.<\/a><\/strong><\/li>\n<li><strong><a title=\"Budynek biurowy w Rzeszowie przy ul. Pi\u0142sudskiego 30 o pow. 910 m2\" href=\"https:\/\/hartbex.pl\/mieszkania\/budynek-biurowy-w-rzeszowie-przy-ul-pilsudskiego-30-ca-850-m2\/\">Budynek biurowy w Rzeszowie przy ul. Pi\u0142sudskiego 30 o pow. 910 m2<\/a><\/strong><\/li>\n<\/ul>\n","protected":false},"excerpt":{"rendered":"<p>&nbsp; Lokal us\u0142ugowo \u2013 handlowy 76 m2 -ul. So\u0142tysowska, Krak\u00f3w, Czy\u017cyny Budynek biurowy z hal\u0105 magazynow\u0105 i pomieszczeniami do nocleg\u00f3w w standardzie hostelu o pow. ca. 605 m2. Budynek biurowy w Rzeszowie przy ul. Pi\u0142sudskiego 30 o pow. 910 m2<\/p>\n","protected":false},"author":1,"featured_media":0,"parent":0,"menu_order":0,"comment_status":"closed","ping_status":"closed","template":"","meta":[],"_links":{"self":[{"href":"https:\/\/hartbex.pl\/mieszkania\/wp-json\/wp\/v2\/pages\/13"}],"collection":[{"href":"https:\/\/hartbex.pl\/mieszkania\/wp-json\/wp\/v2\/pages"}],"about":[{"href":"https:\/\/hartbex.pl\/mieszkania\/wp-json\/wp\/v2\/types\/page"}],"author":[{"embeddable":true,"href":"https:\/\/hartbex.pl\/mieszkania\/wp-json\/wp\/v2\/users\/1"}],"replies":[{"embeddable":true,"href":"https:\/\/hartbex.pl\/mieszkania\/wp-json\/wp\/v2\/comments?post=13"}],"version-history":[{"count":7,"href":"https:\/\/hartbex.pl\/mieszkania\/wp-json\/wp\/v2\/pages\/13\/revisions"}],"predecessor-version":[{"id":1127,"href":"https:\/\/hartbex.pl\/mieszkania\/wp-json\/wp\/v2\/pages\/13\/revisions\/1127"}],"wp:attachment":[{"href":"https:\/\/hartbex.pl\/mieszkania\/wp-json\/wp\/v2\/media?parent=13"}],"curies":[{"name":"wp","href":"https:\/\/api.w.org\/{rel}","templated":true}]}}