{"id":11,"date":"2015-10-14T14:23:30","date_gmt":"2015-10-14T12:23:30","guid":{"rendered":"https:\/\/hartbex.pl\/mieszkania\/?page_id=11"},"modified":"2020-07-09T13:22:14","modified_gmt":"2020-07-09T11:22:14","slug":"poszukujemy-nieruchomosci","status":"publish","type":"page","link":"https:\/\/hartbex.pl\/mieszkania\/poszukujemy-nieruchomosci\/","title":{"rendered":"Poszukujemy nieruchomo\u015bci"},"content":{"rendered":"<div id=\"lipsum\">\n<p>Poszukujemy atrakcyjnie po\u0142o\u017conych nieruchomo\u015bci niezabudowanych i zabudowanych:<\/p>\n<p><strong>w miastach o liczbie ludno\u015bci powy\u017cej 50 tys.:<\/strong><\/p>\n<ul>\n<li>Dzia\u0142ki rolne z mo\u017cliwo\u015bci\u0105 uzyskania WZ pod budownictwo mieszkaniowe,<\/li>\n<li>Dzia\u0142ki budowlane z istniej\u0105cymi WZ lub aktualnym planem miejscowego zagospodarowania przestrzennego pod budownictwo mieszkaniowe.<\/li>\n<\/ul>\n<p><strong>Jeste\u015bmy gotowi na wsp\u00f3\u0142prac\u0119 z:<\/strong><\/p>\n<ul>\n<li>firmami poszukuj\u0105cymi do wynaj\u0119cia powierzchni biurowej, handlowej i us\u0142ugowej,<\/li>\n<li>gminami miejskimi zdecydowanymi na wej\u015bcie do sp\u00f3\u0142ki z gruntem jako aportem,<\/li>\n<li>sieciami handlowymi posiadaj\u0105cymi grunty a poszukuj\u0105cymi generalnego wykonawcy do przeprowadzenia inwestycji,<\/li>\n<li>firmami i osobami prywatnymi posiadaj\u0105cymi interesuj\u0105ce nieruchomo\u015bci, chc\u0105cymi wsp\u00f3lnie z nami przeprowadzi\u0107 inwestycj\u0119 na swojej nieruchomo\u015bci.<\/li>\n<\/ul>\n<p><strong>Kontakt:<\/strong><\/p>\n<table>\n<tbody>\n<tr>\n<td colspan=\"4\"><img loading=\"lazy\" class=\"alignnone wp-image-224\" title=\"Kontaktowy QR kod lweselak5\" src=\"https:\/\/hartbex.pl\/mieszkania\/wp-content\/uploads\/sites\/3\/2015\/10\/lweselak1-320x320.png\" alt=\"Kontaktowy QR kod lweselak5\" width=\"300\" height=\"300\" srcset=\"https:\/\/hartbex.pl\/mieszkania\/wp-content\/uploads\/sites\/3\/2015\/10\/lweselak1-320x320.png 320w, https:\/\/hartbex.pl\/mieszkania\/wp-content\/uploads\/sites\/3\/2015\/10\/lweselak1-282x282.png 282w, https:\/\/hartbex.pl\/mieszkania\/wp-content\/uploads\/sites\/3\/2015\/10\/lweselak1.png 810w\" sizes=\"(max-width: 300px) 100vw, 300px\" \/><\/td>\n<\/tr>\n<tr>\n<td>\n<h3>\u0141ukasz Weselak<\/h3>\n<p>tel. <a href=\"tel:%2B48%2017%20789%2022%2077\" target=\"_blank\" rel=\"noopener\">+48 17 789 22 77<\/a><br \/>\nfax <a href=\"tel:%2B48%2017%20789%2022%2088\" target=\"_blank\" rel=\"noopener\">+48 17 789 22 88<\/a><br \/>\ngsm <a href=\"tel:%2B48%20666%20083%20746\" target=\"_blank\" rel=\"noopener\">+48 666 083 746<\/a><br \/>\ne-mail <a href=\"mailto:lweselak@hartbex.pl\" target=\"_blank\" rel=\"noopener\">lweselak@hartbex.pl<\/a><\/td>\n<td><\/td>\n<td><\/td>\n<td><\/td>\n<td><\/td>\n<\/tr>\n<\/tbody>\n<\/table>\n<\/div>\n","protected":false},"excerpt":{"rendered":"<p>Poszukujemy atrakcyjnie po\u0142o\u017conych nieruchomo\u015bci niezabudowanych i zabudowanych: w miastach o liczbie ludno\u015bci powy\u017cej 50 tys.: Dzia\u0142ki rolne z mo\u017cliwo\u015bci\u0105 uzyskania WZ pod budownictwo mieszkaniowe, Dzia\u0142ki budowlane z istniej\u0105cymi WZ lub aktualnym planem miejscowego zagospodarowania przestrzennego pod budownictwo mieszkaniowe. Jeste\u015bmy gotowi na wsp\u00f3\u0142prac\u0119 z: firmami poszukuj\u0105cymi do wynaj\u0119cia powierzchni biurowej, handlowej i us\u0142ugowej, gminami miejskimi zdecydowanymi [&hellip;]<\/p>\n","protected":false},"author":1,"featured_media":0,"parent":0,"menu_order":0,"comment_status":"closed","ping_status":"closed","template":"page-nieruchomosci.php","meta":[],"_links":{"self":[{"href":"https:\/\/hartbex.pl\/mieszkania\/wp-json\/wp\/v2\/pages\/11"}],"collection":[{"href":"https:\/\/hartbex.pl\/mieszkania\/wp-json\/wp\/v2\/pages"}],"about":[{"href":"https:\/\/hartbex.pl\/mieszkania\/wp-json\/wp\/v2\/types\/page"}],"author":[{"embeddable":true,"href":"https:\/\/hartbex.pl\/mieszkania\/wp-json\/wp\/v2\/users\/1"}],"replies":[{"embeddable":true,"href":"https:\/\/hartbex.pl\/mieszkania\/wp-json\/wp\/v2\/comments?post=11"}],"version-history":[{"count":0,"href":"https:\/\/hartbex.pl\/mieszkania\/wp-json\/wp\/v2\/pages\/11\/revisions"}],"wp:attachment":[{"href":"https:\/\/hartbex.pl\/mieszkania\/wp-json\/wp\/v2\/media?parent=11"}],"curies":[{"name":"wp","href":"https:\/\/api.w.org\/{rel}","templated":true}]}}