{"id":1073,"date":"2023-06-13T10:21:10","date_gmt":"2023-06-13T08:21:10","guid":{"rendered":"https:\/\/hartbex.pl\/mieszkania\/?page_id=1073"},"modified":"2025-09-12T13:15:35","modified_gmt":"2025-09-12T11:15:35","slug":"osiedle-panorama-rzeszowa","status":"publish","type":"page","link":"https:\/\/hartbex.pl\/mieszkania\/osiedle-panorama-rzeszowa\/","title":{"rendered":"Osiedle Panorama Rzeszowa"},"content":{"rendered":"<p data-start=\"222\" data-end=\"513\">Zapraszamy do zapoznania si\u0119 z ofert\u0105 <strong data-start=\"260\" data-end=\"275\">24 mieszka\u0144<\/strong> zlokalizowanych w domach w zabudowie bli\u017aniaczej, z pi\u0119knym widokiem na zielone okolice Rzeszowa. Kameralna zabudowa zapewnia spok\u00f3j i prywatno\u015b\u0107, a jednocze\u015bnie znajduje si\u0119 w dogodnej lokalizacji \u2013 tylko <strong data-start=\"482\" data-end=\"510\">6 km od centrum Rzeszowa<\/strong>.<\/p>\n<p data-start=\"515\" data-end=\"537\"><strong>Oferta mieszka\u0144:<\/strong><br \/>\n12 mieszka\u0144 na parterze z ogr\u00f3dkiem \u2013 3 pokoje, pow. ok. 50 m\u00b2<br \/>\n12 mieszka\u0144 na pi\u0119trze z balkonem \u2013 3 pokoje, pow. ok. 63 m\u00b2<\/p>\n<p data-start=\"679\" data-end=\"926\">Ka\u017cde mieszkanie obejmuje przestronny salon z aneksem kuchennym, dwie sypialnie oraz \u0142azienk\u0119. Lokale na parterze posiadaj\u0105 prywatne ogr\u00f3dki, a mieszkania na pi\u0119trze wyposa\u017cone s\u0105 w balkon. Do ka\u017cdego mieszkania przynale\u017cy <strong data-start=\"902\" data-end=\"923\">miejsce postojowe<\/strong>.<\/p>\n<p data-start=\"928\" data-end=\"1119\">Inwestycja realizowana jest z u\u017cyciem nowoczesnych technologii i materia\u0142\u00f3w \u2013 du\u017ce, energooszcz\u0119dne okna, mo\u017cliwo\u015b\u0107 instalacji klimatyzacji, fotowoltaiki, paneli s\u0142onecznych i pompy ciep\u0142a.<\/p>\n<p data-start=\"1121\" data-end=\"1145\"><strong>Atuty lokalizacji:<\/strong><br \/>\n-przystanek autobusowy \u2013 500 m<br \/>\n-szko\u0142a \u2013 400 m<br \/>\n-przedszkole \u2013 2,9 km<br \/>\n-sklepy \u2013 500 m<br \/>\n-gabinety lekarskie \u2013 500 m<br \/>\n-ko\u015bci\u00f3\u0142 \u2013 1,7 km<br \/>\n-granica Rzeszowa \u2013 1,2 km<\/p>\n<p data-start=\"1326\" data-end=\"1438\">Dzia\u0142ki od strony zachodniej granicz\u0105 z terenem zalesionym, a od wschodu z niezabudowanymi terenami zielonymi.<\/p>\n<p data-start=\"1440\" data-end=\"1530\"><strong data-start=\"1440\" data-end=\"1488\">Lokalizacja przedsi\u0119wzi\u0119cia deweloperskiego:<\/strong> Kielan\u00f3wka 110A-110M, 35-106 Kielan\u00f3wka<\/p>\n<hr data-start=\"1532\" data-end=\"1535\" \/>\n<h3 data-start=\"1537\" data-end=\"1574\">Lista mieszka\u0144:<\/h3>\n<p>&nbsp;<\/p>\n<p>[netbyapp]<\/p>\n<hr data-start=\"4271\" data-end=\"4274\" \/>\n<p data-start=\"4276\" data-end=\"4407\"><strong data-start=\"4276\" data-end=\"4289\">Inwestor:<\/strong><br data-start=\"4289\" data-end=\"4292\" \/>HARTBEX OSIEDLE PANORAMA RZESZOWA Sp. z o.o.<br data-start=\"4336\" data-end=\"4339\" \/>al. mjr. W. Kopisto 11\/400, 35-315 Rzesz\u00f3w<br data-start=\"4381\" data-end=\"4384\" \/>tel. +48 17 250 94 47, +48 664 937 034<br \/>\ne-mail: <a href=\"mailto:deweloper@hartbex.pl\">deweloper@hartbex.pl<\/a><\/p>\n<p>&nbsp;<\/p>\n<p>&nbsp;<\/p>\n\n\t\t<style type=\"text\/css\">\n\t\t\t#gallery-1 {\n\t\t\t\tmargin: auto;\n\t\t\t}\n\t\t\t#gallery-1 .gallery-item {\n\t\t\t\tfloat: left;\n\t\t\t\tmargin-top: 10px;\n\t\t\t\ttext-align: center;\n\t\t\t\twidth: 100%;\n\t\t\t}\n\t\t\t#gallery-1 img {\n\t\t\t\tborder: 2px solid #cfcfcf;\n\t\t\t}\n\t\t\t#gallery-1 .gallery-caption {\n\t\t\t\tmargin-left: 0;\n\t\t\t}\n\t\t\t\/* see gallery_shortcode() in wp-includes\/media.php *\/\n\t\t<\/style>\n\t\t<div id='gallery-1' class='gallery galleryid-1073 gallery-columns-1 gallery-size-medium'><dl class='gallery-item'>\n\t\t\t<dt class='gallery-icon landscape'>\n\t\t\t\t<a href='https:\/\/hartbex.pl\/mieszkania\/wp-content\/uploads\/sites\/3\/2025\/09\/110d_1.png'><img width=\"325\" height=\"320\" src=\"https:\/\/hartbex.pl\/mieszkania\/wp-content\/uploads\/sites\/3\/2025\/09\/110d_1-325x320.png\" class=\"attachment-medium size-medium\" alt=\"\" loading=\"lazy\" srcset=\"https:\/\/hartbex.pl\/mieszkania\/wp-content\/uploads\/sites\/3\/2025\/09\/110d_1-325x320.png 325w, https:\/\/hartbex.pl\/mieszkania\/wp-content\/uploads\/sites\/3\/2025\/09\/110d_1-1024x1008.png 1024w, https:\/\/hartbex.pl\/mieszkania\/wp-content\/uploads\/sites\/3\/2025\/09\/110d_1-768x756.png 768w, https:\/\/hartbex.pl\/mieszkania\/wp-content\/uploads\/sites\/3\/2025\/09\/110d_1-1536x1513.png 1536w, https:\/\/hartbex.pl\/mieszkania\/wp-content\/uploads\/sites\/3\/2025\/09\/110d_1-2048x2017.png 2048w\" sizes=\"(max-width: 325px) 100vw, 325px\" \/><\/a>\n\t\t\t<\/dt><\/dl><br style=\"clear: both\" \/><dl class='gallery-item'>\n\t\t\t<dt class='gallery-icon landscape'>\n\t\t\t\t<a href='https:\/\/hartbex.pl\/mieszkania\/wp-content\/uploads\/sites\/3\/2025\/09\/110g_2.png'><img width=\"326\" height=\"320\" src=\"https:\/\/hartbex.pl\/mieszkania\/wp-content\/uploads\/sites\/3\/2025\/09\/110g_2-326x320.png\" class=\"attachment-medium size-medium\" alt=\"\" loading=\"lazy\" srcset=\"https:\/\/hartbex.pl\/mieszkania\/wp-content\/uploads\/sites\/3\/2025\/09\/110g_2-326x320.png 326w, https:\/\/hartbex.pl\/mieszkania\/wp-content\/uploads\/sites\/3\/2025\/09\/110g_2-1024x1005.png 1024w, https:\/\/hartbex.pl\/mieszkania\/wp-content\/uploads\/sites\/3\/2025\/09\/110g_2-768x754.png 768w, https:\/\/hartbex.pl\/mieszkania\/wp-content\/uploads\/sites\/3\/2025\/09\/110g_2-1536x1508.png 1536w, https:\/\/hartbex.pl\/mieszkania\/wp-content\/uploads\/sites\/3\/2025\/09\/110g_2-2048x2010.png 2048w\" sizes=\"(max-width: 326px) 100vw, 326px\" \/><\/a>\n\t\t\t<\/dt><\/dl><br style=\"clear: both\" \/>\n\t\t<\/div>\n\n\n\t\t<style type=\"text\/css\">\n\t\t\t#gallery-2 {\n\t\t\t\tmargin: auto;\n\t\t\t}\n\t\t\t#gallery-2 .gallery-item {\n\t\t\t\tfloat: left;\n\t\t\t\tmargin-top: 10px;\n\t\t\t\ttext-align: center;\n\t\t\t\twidth: 100%;\n\t\t\t}\n\t\t\t#gallery-2 img {\n\t\t\t\tborder: 2px solid #cfcfcf;\n\t\t\t}\n\t\t\t#gallery-2 .gallery-caption {\n\t\t\t\tmargin-left: 0;\n\t\t\t}\n\t\t\t\/* see gallery_shortcode() in wp-includes\/media.php *\/\n\t\t<\/style>\n\t\t<div id='gallery-2' class='gallery galleryid-1073 gallery-columns-1 gallery-size-medium'><dl class='gallery-item'>\n\t\t\t<dt class='gallery-icon portrait'>\n\t\t\t\t<a href='https:\/\/hartbex.pl\/mieszkania\/wp-content\/uploads\/sites\/3\/2025\/09\/DSC08775.jpg'><img width=\"256\" height=\"320\" src=\"https:\/\/hartbex.pl\/mieszkania\/wp-content\/uploads\/sites\/3\/2025\/09\/DSC08775-256x320.jpg\" class=\"attachment-medium size-medium\" alt=\"\" loading=\"lazy\" srcset=\"https:\/\/hartbex.pl\/mieszkania\/wp-content\/uploads\/sites\/3\/2025\/09\/DSC08775-256x320.jpg 256w, https:\/\/hartbex.pl\/mieszkania\/wp-content\/uploads\/sites\/3\/2025\/09\/DSC08775-819x1024.jpg 819w, https:\/\/hartbex.pl\/mieszkania\/wp-content\/uploads\/sites\/3\/2025\/09\/DSC08775-768x960.jpg 768w, https:\/\/hartbex.pl\/mieszkania\/wp-content\/uploads\/sites\/3\/2025\/09\/DSC08775-1229x1536.jpg 1229w, https:\/\/hartbex.pl\/mieszkania\/wp-content\/uploads\/sites\/3\/2025\/09\/DSC08775-1638x2048.jpg 1638w, https:\/\/hartbex.pl\/mieszkania\/wp-content\/uploads\/sites\/3\/2025\/09\/DSC08775.jpg 1840w\" sizes=\"(max-width: 256px) 100vw, 256px\" \/><\/a>\n\t\t\t<\/dt><\/dl><br style=\"clear: both\" \/><dl class='gallery-item'>\n\t\t\t<dt class='gallery-icon landscape'>\n\t\t\t\t<a href='https:\/\/hartbex.pl\/mieszkania\/wp-content\/uploads\/sites\/3\/2025\/09\/DSC08753-1.jpg'><img width=\"400\" height=\"320\" src=\"https:\/\/hartbex.pl\/mieszkania\/wp-content\/uploads\/sites\/3\/2025\/09\/DSC08753-1-400x320.jpg\" class=\"attachment-medium size-medium\" alt=\"\" loading=\"lazy\" srcset=\"https:\/\/hartbex.pl\/mieszkania\/wp-content\/uploads\/sites\/3\/2025\/09\/DSC08753-1-400x320.jpg 400w, https:\/\/hartbex.pl\/mieszkania\/wp-content\/uploads\/sites\/3\/2025\/09\/DSC08753-1-1024x819.jpg 1024w, https:\/\/hartbex.pl\/mieszkania\/wp-content\/uploads\/sites\/3\/2025\/09\/DSC08753-1-768x614.jpg 768w, https:\/\/hartbex.pl\/mieszkania\/wp-content\/uploads\/sites\/3\/2025\/09\/DSC08753-1-1536x1229.jpg 1536w, https:\/\/hartbex.pl\/mieszkania\/wp-content\/uploads\/sites\/3\/2025\/09\/DSC08753-1-2048x1638.jpg 2048w\" sizes=\"(max-width: 400px) 100vw, 400px\" \/><\/a>\n\t\t\t<\/dt><\/dl><br style=\"clear: both\" \/><dl class='gallery-item'>\n\t\t\t<dt class='gallery-icon portrait'>\n\t\t\t\t<a href='https:\/\/hartbex.pl\/mieszkania\/wp-content\/uploads\/sites\/3\/2025\/09\/DSC08793-scaled.jpg'><img width=\"213\" height=\"320\" src=\"https:\/\/hartbex.pl\/mieszkania\/wp-content\/uploads\/sites\/3\/2025\/09\/DSC08793-scaled-213x320.jpg\" class=\"attachment-medium size-medium\" alt=\"\" loading=\"lazy\" srcset=\"https:\/\/hartbex.pl\/mieszkania\/wp-content\/uploads\/sites\/3\/2025\/09\/DSC08793-scaled-213x320.jpg 213w, https:\/\/hartbex.pl\/mieszkania\/wp-content\/uploads\/sites\/3\/2025\/09\/DSC08793-scaled-683x1024.jpg 683w, https:\/\/hartbex.pl\/mieszkania\/wp-content\/uploads\/sites\/3\/2025\/09\/DSC08793-768x1152.jpg 768w, https:\/\/hartbex.pl\/mieszkania\/wp-content\/uploads\/sites\/3\/2025\/09\/DSC08793-1024x1536.jpg 1024w, https:\/\/hartbex.pl\/mieszkania\/wp-content\/uploads\/sites\/3\/2025\/09\/DSC08793-1365x2048.jpg 1365w, https:\/\/hartbex.pl\/mieszkania\/wp-content\/uploads\/sites\/3\/2025\/09\/DSC08793-scaled.jpg 1707w\" sizes=\"(max-width: 213px) 100vw, 213px\" \/><\/a>\n\t\t\t<\/dt><\/dl><br style=\"clear: both\" \/><dl class='gallery-item'>\n\t\t\t<dt class='gallery-icon landscape'>\n\t\t\t\t<a href='https:\/\/hartbex.pl\/mieszkania\/wp-content\/uploads\/sites\/3\/2025\/09\/DSC08757-scaled.jpg'><img width=\"480\" height=\"270\" src=\"https:\/\/hartbex.pl\/mieszkania\/wp-content\/uploads\/sites\/3\/2025\/09\/DSC08757-scaled-480x270.jpg\" class=\"attachment-medium size-medium\" alt=\"\" loading=\"lazy\" srcset=\"https:\/\/hartbex.pl\/mieszkania\/wp-content\/uploads\/sites\/3\/2025\/09\/DSC08757-scaled-480x270.jpg 480w, https:\/\/hartbex.pl\/mieszkania\/wp-content\/uploads\/sites\/3\/2025\/09\/DSC08757-scaled-1024x576.jpg 1024w, https:\/\/hartbex.pl\/mieszkania\/wp-content\/uploads\/sites\/3\/2025\/09\/DSC08757-768x432.jpg 768w, https:\/\/hartbex.pl\/mieszkania\/wp-content\/uploads\/sites\/3\/2025\/09\/DSC08757-1536x864.jpg 1536w, https:\/\/hartbex.pl\/mieszkania\/wp-content\/uploads\/sites\/3\/2025\/09\/DSC08757-2048x1152.jpg 2048w\" sizes=\"(max-width: 480px) 100vw, 480px\" \/><\/a>\n\t\t\t<\/dt><\/dl><br style=\"clear: both\" \/><dl class='gallery-item'>\n\t\t\t<dt class='gallery-icon landscape'>\n\t\t\t\t<a href='https:\/\/hartbex.pl\/mieszkania\/wp-content\/uploads\/sites\/3\/2025\/09\/DSC08791.jpg'><img width=\"400\" height=\"320\" src=\"https:\/\/hartbex.pl\/mieszkania\/wp-content\/uploads\/sites\/3\/2025\/09\/DSC08791-400x320.jpg\" class=\"attachment-medium size-medium\" alt=\"\" loading=\"lazy\" srcset=\"https:\/\/hartbex.pl\/mieszkania\/wp-content\/uploads\/sites\/3\/2025\/09\/DSC08791-400x320.jpg 400w, https:\/\/hartbex.pl\/mieszkania\/wp-content\/uploads\/sites\/3\/2025\/09\/DSC08791-1024x819.jpg 1024w, https:\/\/hartbex.pl\/mieszkania\/wp-content\/uploads\/sites\/3\/2025\/09\/DSC08791-768x614.jpg 768w, https:\/\/hartbex.pl\/mieszkania\/wp-content\/uploads\/sites\/3\/2025\/09\/DSC08791-1536x1229.jpg 1536w, https:\/\/hartbex.pl\/mieszkania\/wp-content\/uploads\/sites\/3\/2025\/09\/DSC08791-2048x1638.jpg 2048w\" sizes=\"(max-width: 400px) 100vw, 400px\" \/><\/a>\n\t\t\t<\/dt><\/dl><br style=\"clear: both\" \/><dl class='gallery-item'>\n\t\t\t<dt class='gallery-icon landscape'>\n\t\t\t\t<a href='https:\/\/hartbex.pl\/mieszkania\/wp-content\/uploads\/sites\/3\/2025\/09\/DSC08792-scaled.jpg'><img width=\"480\" height=\"320\" src=\"https:\/\/hartbex.pl\/mieszkania\/wp-content\/uploads\/sites\/3\/2025\/09\/DSC08792-480x320.jpg\" class=\"attachment-medium size-medium\" alt=\"\" loading=\"lazy\" srcset=\"https:\/\/hartbex.pl\/mieszkania\/wp-content\/uploads\/sites\/3\/2025\/09\/DSC08792-480x320.jpg 480w, https:\/\/hartbex.pl\/mieszkania\/wp-content\/uploads\/sites\/3\/2025\/09\/DSC08792-scaled-1024x683.jpg 1024w, https:\/\/hartbex.pl\/mieszkania\/wp-content\/uploads\/sites\/3\/2025\/09\/DSC08792-768x512.jpg 768w, https:\/\/hartbex.pl\/mieszkania\/wp-content\/uploads\/sites\/3\/2025\/09\/DSC08792-1536x1024.jpg 1536w, https:\/\/hartbex.pl\/mieszkania\/wp-content\/uploads\/sites\/3\/2025\/09\/DSC08792-2048x1366.jpg 2048w\" sizes=\"(max-width: 480px) 100vw, 480px\" \/><\/a>\n\t\t\t<\/dt><\/dl><br style=\"clear: both\" \/><dl class='gallery-item'>\n\t\t\t<dt class='gallery-icon portrait'>\n\t\t\t\t<a href='https:\/\/hartbex.pl\/mieszkania\/wp-content\/uploads\/sites\/3\/2025\/09\/DSC08804.jpg'><img width=\"256\" height=\"320\" src=\"https:\/\/hartbex.pl\/mieszkania\/wp-content\/uploads\/sites\/3\/2025\/09\/DSC08804-256x320.jpg\" class=\"attachment-medium size-medium\" alt=\"\" loading=\"lazy\" srcset=\"https:\/\/hartbex.pl\/mieszkania\/wp-content\/uploads\/sites\/3\/2025\/09\/DSC08804-256x320.jpg 256w, https:\/\/hartbex.pl\/mieszkania\/wp-content\/uploads\/sites\/3\/2025\/09\/DSC08804-819x1024.jpg 819w, https:\/\/hartbex.pl\/mieszkania\/wp-content\/uploads\/sites\/3\/2025\/09\/DSC08804-768x960.jpg 768w, https:\/\/hartbex.pl\/mieszkania\/wp-content\/uploads\/sites\/3\/2025\/09\/DSC08804-1229x1536.jpg 1229w, https:\/\/hartbex.pl\/mieszkania\/wp-content\/uploads\/sites\/3\/2025\/09\/DSC08804-1638x2048.jpg 1638w, https:\/\/hartbex.pl\/mieszkania\/wp-content\/uploads\/sites\/3\/2025\/09\/DSC08804.jpg 2000w\" sizes=\"(max-width: 256px) 100vw, 256px\" \/><\/a>\n\t\t\t<\/dt><\/dl><br style=\"clear: both\" \/>\n\t\t<\/div>\n\n","protected":false},"excerpt":{"rendered":"<p>Zapraszamy do zapoznania si\u0119 z ofert\u0105 24 mieszka\u0144 zlokalizowanych w domach w zabudowie bli\u017aniaczej, z pi\u0119knym widokiem na zielone okolice Rzeszowa. Kameralna zabudowa zapewnia spok\u00f3j i prywatno\u015b\u0107, a jednocze\u015bnie znajduje si\u0119 w dogodnej lokalizacji \u2013 tylko 6 km od centrum Rzeszowa. Oferta mieszka\u0144: 12 mieszka\u0144 na parterze z ogr\u00f3dkiem \u2013 3 pokoje, pow. ok. 50 [&hellip;]<\/p>\n","protected":false},"author":4,"featured_media":1207,"parent":0,"menu_order":0,"comment_status":"closed","ping_status":"closed","template":"","meta":[],"_links":{"self":[{"href":"https:\/\/hartbex.pl\/mieszkania\/wp-json\/wp\/v2\/pages\/1073"}],"collection":[{"href":"https:\/\/hartbex.pl\/mieszkania\/wp-json\/wp\/v2\/pages"}],"about":[{"href":"https:\/\/hartbex.pl\/mieszkania\/wp-json\/wp\/v2\/types\/page"}],"author":[{"embeddable":true,"href":"https:\/\/hartbex.pl\/mieszkania\/wp-json\/wp\/v2\/users\/4"}],"replies":[{"embeddable":true,"href":"https:\/\/hartbex.pl\/mieszkania\/wp-json\/wp\/v2\/comments?post=1073"}],"version-history":[{"count":42,"href":"https:\/\/hartbex.pl\/mieszkania\/wp-json\/wp\/v2\/pages\/1073\/revisions"}],"predecessor-version":[{"id":1221,"href":"https:\/\/hartbex.pl\/mieszkania\/wp-json\/wp\/v2\/pages\/1073\/revisions\/1221"}],"wp:featuredmedia":[{"embeddable":true,"href":"https:\/\/hartbex.pl\/mieszkania\/wp-json\/wp\/v2\/media\/1207"}],"wp:attachment":[{"href":"https:\/\/hartbex.pl\/mieszkania\/wp-json\/wp\/v2\/media?parent=1073"}],"curies":[{"name":"wp","href":"https:\/\/api.w.org\/{rel}","templated":true}]}}