{"id":201,"date":"2016-03-22T22:03:37","date_gmt":"2016-03-22T21:03:37","guid":{"rendered":"https:\/\/hartbex.pl\/hale\/?page_id=201"},"modified":"2025-10-02T11:01:33","modified_gmt":"2025-10-02T09:01:33","slug":"kontakt-2","status":"publish","type":"page","link":"https:\/\/hartbex.pl\/hale\/de\/kontakt-2\/","title":{"rendered":"Kontakt"},"content":{"rendered":"<h2>HARTBEX Przedsi\u0119biorstwo Budowlane Sp. z o.o.<\/h2>\n<p>&nbsp;<\/p>\n<p>al. mjr W. Kopisto 11\/400<br \/>\n35-315 Rzesz\u00f3w<br \/>\ntel. <a>+48 17 789 22 89<\/a><br \/>\nfax <a>+48 17 789 22 88<\/a><br \/>\ne-mail <a href=\"mailto:hartbex@hartbex.pl\">hartbex@hartbex.pl<\/a><\/p>\n<p>Amtsgericht in Rzesz\u00f3w XII Wirtschaftsgericht Landesgerichtsregister Nr. KRS 0000070017<br \/>\nBetriebskapital: 4 550 000 PLN<br \/>\nKapita\u0142 zak\u0142adowy: 4 550 000 PLN<br \/>\nRegon: 690023989<br \/>\nNIP: 813-03-33-649<\/p>\n<p>Bank: mBank<br \/>\nKontonummer: 41 1140 1225 0000 3178 6500 1001<\/p>\n<p>Bank: Millenium Bank<br \/>\nKontonummer: 41 1160 2202 0000 0000 4455 6628<\/p>\n<p>Bank: PKO BP S.A<br \/>\nKontonummer: 63 1020 4405 0000 2502 0400 7415<\/p>\n<p>Bank: PBS Bank<br \/>\nKontonummer: 20 8642 1126 2012 1128 2635 0001<\/p>\n<p>Bank: Santander Bank Polska S.A.<br \/>\nKontonummer: 87 1090 2590 0000 0001 3563 8769<\/p>\n<p>&nbsp;<\/p>\n<h3>Kontakt zu den Unternehmensabteilungen<\/h3>\n<table>\n<tbody>\n<tr>\n<td colspan=\"4\">\n<h2>SEKRETARIAT<\/h2>\n<\/td>\n<\/tr>\n<tr>\n<td class=\"mobile-hide\" colspan=\"4\"><a href=\"https:\/\/hartbex.pl\/wp-content\/uploads\/2015\/10\/jbenedyk.png\"><br \/>\n<\/a><img loading=\"lazy\" class=\"alignnone wp-image-1120\" title=\"Kontaktowy QR kod jbenedyk\" src=\"https:\/\/hartbex.pl\/wp-content\/uploads\/2015\/10\/jbenedyk-320x320.png\" alt=\"Kontaktowy QR kod jbenedyk\" width=\"300\" height=\"300\" \/><\/td>\n<\/tr>\n<tr>\n<td colspan=\"4\">\n<h3>Justyna Benedyk<\/h3>\n<h4>Assistentin<\/h4>\n<p>tel. <a href=\"tel:%2B48%2017%20789%2022%2089\" target=\"_blank\" rel=\"noopener\">+48 17 789 22 89<\/a><\/p>\n<p>fax <a href=\"tel:%2B48%2017%20789%2022%2088\" target=\"_blank\" rel=\"noopener\">+48 17 789 22 88<\/a><\/p>\n<p>gsm <a href=\"tel:%2B48%20602%20741%20674\" target=\"_blank\" rel=\"noopener\">+48 602 741 674<\/a><\/p>\n<p>e-mail <a href=\"mailto:hartbex@hartbex.pl\" target=\"_blank\" rel=\"noopener\">hartbex@hartbex.pl<\/a><\/td>\n<\/tr>\n<tr>\n<td colspan=\"4\">\n<h2>PROJEKTEABWICKLUNG<\/h2>\n<\/td>\n<\/tr>\n<tr>\n<td class=\"mobile-hide\"><a href=\"https:\/\/hartbex.pl\/wp-content\/uploads\/2015\/10\/wwojnowski.png\"><img loading=\"lazy\" class=\"alignnone size-medium wp-image-71\" title=\"Kontaktowy QR kod wwojnowski\" src=\"https:\/\/hartbex.pl\/wp-content\/uploads\/2015\/10\/wwojnowski-300x300.png\" alt=\"Kontaktowy QR kod wwojnowski\" width=\"300\" height=\"300\" \/><\/a><\/td>\n<td class=\"mobile-hide\"><img loading=\"lazy\" class=\"alignnone wp-image-1147\" title=\"Kontaktowy QR kod pmagdon\" src=\"https:\/\/hartbex.pl\/wp-content\/uploads\/2015\/10\/pmagdon-320x320.png\" alt=\"Kontaktowy QR kod pmagdon\" width=\"300\" height=\"300\" \/><\/td>\n<td class=\"mobile-hide\"><a href=\"\/wp-content\/uploads\/2015\/10\/aandreasik1.png\"><img loading=\"lazy\" class=\"alignnone wp-image-1880\" src=\"https:\/\/hartbex.pl\/wp-content\/uploads\/2023\/12\/kwozny.jpg\" alt=\"\" width=\"276\" height=\"276\" \/><\/a><\/td>\n<td class=\"mobile-hide\"><a href=\"https:\/\/hartbex.pl\/wp-content\/uploads\/2015\/10\/agardynik.jpg\"><img loading=\"lazy\" class=\"alignnone wp-image-1407\" src=\"https:\/\/hartbex.pl\/wp-content\/uploads\/2015\/10\/agardynik-319x320.jpg\" alt=\"agardynik\" width=\"300\" height=\"301\" \/><\/a><\/td>\n<\/tr>\n<tr>\n<td>\n<h3>Witold Wojnowski<\/h3>\n<h4>Produktionsdirektor<\/h4>\n<p>tel. <a href=\"tel:%2B48%2017%20789%2022%2084\" target=\"_blank\" rel=\"noopener\">+48 17 789 22 84<\/a><\/p>\n<p>fax <a href=\"tel:%2B48%2017%20789%2022%2088\" target=\"_blank\" rel=\"noopener\">+48 17 789 22 88<\/a><\/p>\n<p>gsm <a href=\"tel:%2B48%20602%20460%20444\" target=\"_blank\" rel=\"noopener\">+48 602 460 444<\/a><\/p>\n<p>e-mail <a href=\"mailto:wwojnowski@hartbex.pl\" target=\"_blank\" rel=\"noopener\">wwojnowski@hartbex.pl <\/a><\/td>\n<td>\n<h3>Piotr Magdo\u0144<\/h3>\n<h4>stellvertretender Produktionsdirektor<\/h4>\n<p>tel. <a href=\"tel:%2B48%2017%20789%2022%2078\" target=\"_blank\" rel=\"noopener\">+48 17 789 22 78<\/a><\/p>\n<p>fax <a href=\"tel:%2B48%2017%20789%2022%2088\" target=\"_blank\" rel=\"noopener\">+48 17 789 22 88<\/a><\/p>\n<p>gsm <a href=\"tel:%2B48%20538%20237%20954\" target=\"_blank\" rel=\"noopener\">+48 538 237 954<\/a><\/p>\n<p>e-mail <a href=\"mailto:pmagdon@hartbex.pl\" target=\"_blank\" rel=\"noopener\">pmagdon@hartbex.pl<\/a><\/td>\n<td>\n<h3>Karolina Wo\u017any &#8211; Doroba<\/h3>\n<h4>Bauingenieur<\/h4>\n<p>tel.\u00a0<a title=\"\" href=\"tel:%2B48%2017%20789%2022%2087\" target=\"_blank\" rel=\"noopener\">+48 17 789 22 87<\/a><\/p>\n<p>fax <a href=\"tel:+48 17 789 22 88\" target=\"_blank\" rel=\"noopener\">+48 17 789 22 88<\/a><\/p>\n<p>gsm <a title=\"\" href=\"tel:+48 532 743 154\" target=\"_blank\" rel=\"noopener\">+48 532 743 154<\/a><\/p>\n<p>e-mail <a title=\"\" href=\"mailto:kwozny@hartbex.pl\" target=\"_blank\" rel=\"noopener\">kwozny@hartbex.pl<\/a><\/p>\n<p>&nbsp;<\/td>\n<td>\n<h3>Aneta Gardynik<\/h3>\n<h4>Teamleiter f\u00fcr Vertr\u00e4ge und Verkaufsrechnungen<\/h4>\n<p>tel. <a href=\"tel:%2B48%2017%20789%2022%2085\" target=\"_blank\" rel=\"noopener\">+48 17 789 22 85<\/a><\/p>\n<p>fax <a href=\"tel:%2B48%2017%20789%2022%2088\" target=\"_blank\" rel=\"noopener\">+48 17 789 22 88<\/a><\/p>\n<p>gsm <a title=\"\" href=\"tel:%2B48%20604%20635%20476\" target=\"_blank\" rel=\"noopener\">+48 604 635 476<\/a><\/p>\n<p>e-mail <a href=\"mailto:agardynik@hartbex.pl\" target=\"_blank\" rel=\"noopener\">agardynik@hartbex.pl<\/a><\/p>\n<p>&nbsp;<\/td>\n<\/tr>\n<tr>\n<td class=\"mobile-hide\"><a href=\"https:\/\/hartbex.pl\/wp-content\/uploads\/2015\/10\/mpowroznik.png\"><img loading=\"lazy\" class=\"alignnone size-medium wp-image-75\" title=\"Kontaktowy QR kod mpowroznik\" src=\"https:\/\/hartbex.pl\/wp-content\/uploads\/2015\/10\/mpowroznik-300x300.png\" alt=\"Kontaktowy QR kod mpowroznik\" width=\"300\" height=\"300\" \/><\/a><\/td>\n<td class=\"mobile-hide\"><img loading=\"lazy\" class=\"alignnone wp-image-439\" src=\"https:\/\/hartbex.pl\/hale\/wp-content\/uploads\/sites\/2\/2021\/10\/kbaranski-1.jpg\" alt=\"\" width=\"289\" height=\"289\" srcset=\"https:\/\/hartbex.pl\/hale\/wp-content\/uploads\/sites\/2\/2021\/10\/kbaranski-1.jpg 355w, https:\/\/hartbex.pl\/hale\/wp-content\/uploads\/sites\/2\/2021\/10\/kbaranski-1-320x320.jpg 320w, https:\/\/hartbex.pl\/hale\/wp-content\/uploads\/sites\/2\/2021\/10\/kbaranski-1-282x282.jpg 282w\" sizes=\"(max-width: 289px) 100vw, 289px\" \/><\/td>\n<td><a href=\"https:\/\/hartbex.pl\/hale\/wp-content\/uploads\/sites\/2\/2015\/10\/aandreasik2.png\"><img loading=\"lazy\" class=\"alignnone size-medium wp-image-367\" src=\"https:\/\/hartbex.pl\/hale\/wp-content\/uploads\/sites\/2\/2015\/10\/aandreasik2-320x320.png\" alt=\"aandreasik\" width=\"320\" height=\"320\" srcset=\"https:\/\/hartbex.pl\/hale\/wp-content\/uploads\/sites\/2\/2015\/10\/aandreasik2-320x320.png 320w, https:\/\/hartbex.pl\/hale\/wp-content\/uploads\/sites\/2\/2015\/10\/aandreasik2-282x282.png 282w, https:\/\/hartbex.pl\/hale\/wp-content\/uploads\/sites\/2\/2015\/10\/aandreasik2-300x300.png 300w, https:\/\/hartbex.pl\/hale\/wp-content\/uploads\/sites\/2\/2015\/10\/aandreasik2.png 730w\" sizes=\"(max-width: 320px) 100vw, 320px\" \/><\/a><\/td>\n<td><img loading=\"lazy\" class=\"alignnone wp-image-1875\" src=\"https:\/\/hartbex.pl\/wp-content\/uploads\/2023\/12\/jgrodecki.jpg\" alt=\"\" width=\"270\" height=\"270\" \/><\/td>\n<\/tr>\n<tr>\n<td>\n<h3>Miros\u0142aw Powro\u017anik<\/h3>\n<h4>Projektleiter f\u00fcr Sanit\u00e4rleistungen<\/h4>\n<p>tel. <a href=\"tel:%2B48%2017%20789%2022%2092\" target=\"_blank\" rel=\"noopener\">+48 17 789 22 92<\/a><\/p>\n<p>fax <a href=\"tel:%2B48%2017%20789%2022%2088\" target=\"_blank\" rel=\"noopener\">+48 17 789 22 88<\/a><\/p>\n<p>gsm <a href=\"tel:%2B48%20604%20635%20571\" target=\"_blank\" rel=\"noopener\">+48 604 635 571<\/a><\/p>\n<p>e-mail <a href=\"mailto:mpowroznik@hartbex.pl\" target=\"_blank\" rel=\"noopener\">mpowroznik@hartbex.pl <\/a><\/td>\n<td>\n<h3>Krzysztof Bara\u0144ski<\/h3>\n<h4>Projektleiter<\/h4>\n<p>&nbsp;<\/p>\n<p>fax <a title=\"\" href=\"tel:+48 17 789 23 01\" target=\"_blank\" rel=\"noopener\">+48 17 789 23 01<\/a><\/p>\n<p>gsm <a title=\"\" href=\"tel:+48 604 635 288\" target=\"_blank\" rel=\"noopener\">+48 604 635 288<\/a><\/p>\n<p>e-mail <a title=\"\" href=\"mailto:kbaranski@hartbex.pl\" target=\"_blank\" rel=\"noopener\">kbaranski@hartbex.pl<\/a><\/td>\n<td>\n<h3>Arkadiusz Andreasik<\/h3>\n<h4>Projektleiter<\/h4>\n<p>tel. <a href=\"tel:%2B48%2017%20789%2022%2082\" target=\"_blank\" rel=\"noopener\">+48 17 789 22 82<\/a><\/p>\n<p>fax <a href=\"tel:%2B48%2017%20789%2022%2088\" target=\"_blank\" rel=\"noopener\">+48 17 789 22 88<\/a><\/p>\n<p>gsm <a href=\"tel:%2B48%20602%20726%20074\" target=\"_blank\" rel=\"noopener\">+48 602 726 074<\/a><\/p>\n<p>e-mail <a href=\"mailto:aandreasik@hartbex.pl\" target=\"_blank\" rel=\"noopener\">aandreasik@hartbex.pl<\/a><\/td>\n<td>\n<h3>Jacek Grodecki<\/h3>\n<h4>Projektleiter<\/h4>\n<p>tel.\u00a0<a title=\"\" href=\"tel:%2B48%2017%20789%2023%2004\" target=\"_blank\" rel=\"noopener\">+48 17 789 23 04<\/a><\/p>\n<p>fax\u00a0<a href=\"tel:%2B48%2017%20789%2022%2088\" target=\"_blank\" rel=\"noopener\">+48 17 789 22 88<\/a><\/p>\n<p>gsm\u00a0<a title=\"\" href=\"tel:%2B48%20735%20207%20514\" target=\"_blank\" rel=\"noopener\">+48 735 207 514<\/a><\/p>\n<p>e-mail <a title=\"\" href=\"mailto:jgrodecki@hartbex.pl\" target=\"_blank\" rel=\"noopener\">jgrodecki@hartbex.pl<\/a><\/td>\n<\/tr>\n<tr>\n<td class=\"mobile-hide\"><img loading=\"lazy\" class=\"alignnone wp-image-1878\" src=\"https:\/\/hartbex.pl\/wp-content\/uploads\/2023\/12\/dbochniak.jpg\" alt=\"\" width=\"276\" height=\"276\" \/><\/td>\n<td class=\"mobile-hide\"><\/td>\n<td><\/td>\n<td><\/td>\n<\/tr>\n<tr>\n<td>\n<h3>Damian Bochniak<\/h3>\n<h4>Projektleiter f\u00fcr Elektroarbeiten<\/h4>\n<p>tel.\u00a0<a href=\"tel:%2B48%2017%20789%2022%2086\" target=\"_blank\" rel=\"noopener\">+48 17 789 22 86<\/a><\/p>\n<p>fax <a href=\"tel:+48 17 789 22 88\" target=\"_blank\" rel=\"noopener\">+48 17 789 22 88<\/a><\/p>\n<p>gsm <a title=\"\" href=\"tel:+48 662 745 846\" target=\"_blank\" rel=\"noopener\">+48 662 745 846<\/a><\/p>\n<p>e-mail <a title=\"\" href=\"mailto:dbochniak@hartbex.pl\" target=\"_blank\" rel=\"noopener\">dbochniak@hartbex.pl<\/a><\/td>\n<td><\/td>\n<td><\/td>\n<td><\/td>\n<\/tr>\n<tr>\n<td colspan=\"4\">\n<h2>EINK\u00c4UFE<\/h2>\n<\/td>\n<\/tr>\n<tr>\n<td class=\"mobile-hide\"><a href=\"https:\/\/hartbex.pl\/wp-content\/uploads\/2015\/10\/swisniowski.png\"><img loading=\"lazy\" class=\"alignnone size-medium wp-image-77\" title=\"Kontaktowy QR kod swisniowski\" src=\"https:\/\/hartbex.pl\/wp-content\/uploads\/2015\/10\/swisniowski-300x300.png\" alt=\"Kontaktowy QR kod swisniowski\" width=\"300\" height=\"300\" \/><\/a><\/td>\n<td class=\"mobile-hide\"><\/td>\n<td><\/td>\n<td><\/td>\n<\/tr>\n<tr>\n<td>\n<h3>Sebastian Wi\u015bniowski<\/h3>\n<h4>Leiter der Einkaufsabteilung<\/h4>\n<p>tel. <a href=\"tel:%2B48%2017%20789%2022%2080\" target=\"_blank\" rel=\"noopener\">+48 17 789 22 80<\/a><\/p>\n<p>fax <a href=\"tel:%2B48%2017%20789%2022%2088\" target=\"_blank\" rel=\"noopener\">+48 17 789 22 88<\/a><\/p>\n<p>gsm <a href=\"tel:%2B48%20604%20410%20916\" target=\"_blank\" rel=\"noopener\">+48 604 410 916<\/a><\/p>\n<p>e-mail <a href=\"mailto:swisniowski@hartbex.pl\" target=\"_blank\" rel=\"noopener\">swisniowski@hartbex.pl <\/a><\/td>\n<td><\/td>\n<td><\/td>\n<td><\/td>\n<\/tr>\n<tr>\n<td colspan=\"4\">\n<h2>ANGEBOTE UND KOSTENPLANUNG<\/h2>\n<\/td>\n<\/tr>\n<tr>\n<td class=\"mobile-hide\"><img loading=\"lazy\" class=\"alignnone wp-image-71\" title=\"Kontaktowy QR kod wwojnowski\" src=\"https:\/\/hartbex.pl\/wp-content\/uploads\/2015\/10\/wwojnowski-320x320.png\" alt=\"Kontaktowy QR kod wwojnowski\" width=\"300\" height=\"300\" \/><\/td>\n<td class=\"mobile-hide\"><img loading=\"lazy\" class=\"alignnone wp-image-1901\" src=\"https:\/\/hartbex.pl\/wp-content\/uploads\/2024\/01\/abednarska.jpeg\" alt=\"\" width=\"331\" height=\"331\" \/><\/td>\n<td class=\"mobile-hide\"><a href=\"\/wp-content\/uploads\/2015\/10\/llukaszynska.png\"><img loading=\"lazy\" class=\"alignnone size-medium wp-image-80\" title=\"Kontaktowy QR kod llukaszynska\" src=\"\/wp-content\/uploads\/2015\/10\/llukaszynska-300x300.png\" alt=\"Kontaktowy QR kod llukaszynska\" width=\"300\" height=\"300\" \/><\/a><\/td>\n<td class=\"mobile-hide\"><a href=\"https:\/\/hartbex.pl\/wp-content\/uploads\/2015\/10\/kkrzemieniecki.jpg\"><img loading=\"lazy\" class=\"alignnone wp-image-1394\" src=\"https:\/\/hartbex.pl\/wp-content\/uploads\/2015\/10\/kkrzemieniecki-320x320.jpg\" alt=\"kkrzemieniecki\" width=\"274\" height=\"274\" \/><\/a><\/td>\n<\/tr>\n<tr>\n<td>\n<h3>Witold Wojnowski<\/h3>\n<h4>Handelsdirektor<\/h4>\n<p>tel. <a href=\"tel:%2B48%2017%20789%2022%2084\" target=\"_blank\" rel=\"noopener\">+48 17 789 22 84<\/a><\/p>\n<p>fax <a href=\"tel:%2B48%2017%20789%2022%2088\" target=\"_blank\" rel=\"noopener\">+48 17 789 22 88<\/a><\/p>\n<p>gsm <a href=\"tel:%2B48%20602%20460%20444\" target=\"_blank\" rel=\"noopener\">+48 602 460 444<\/a><\/p>\n<p>e-mail <a href=\"mailto:wwojnowski@hartbex.pl\" target=\"_blank\" rel=\"noopener\">wwojnowski@hartbex.pl<\/a><\/td>\n<td>\n<h3>Agnieszka Bednarska<\/h3>\n<h4>Teamleiter f\u00fcr Kostenvoranschlagen und Angebot<\/h4>\n<h4>Projektleiter<\/h4>\n<h4>LEED-Expert<\/h4>\n<p>el. <a href=\"tel:%2B48%2017%20789%2022%2083\" target=\"_blank\" rel=\"noopener\">+48 17 789 22 83<\/a><\/p>\n<p>fax <a href=\"tel:%2B48%2017%20789%2022%2088\" target=\"_blank\" rel=\"noopener\">+48 17 789 22 88<\/a><\/p>\n<p>gsm <a href=\"tel:%2B48%20602%20713%20600\" target=\"_blank\" rel=\"noopener\">+48 602 713 600<\/a><\/p>\n<p>e-mail <a href=\"mailto:abednarska@hartbex.pl\" target=\"_blank\" rel=\"noopener\">abednarska@hartbex.pl<\/a><\/td>\n<td>\n<h3>Lucyna \u0141ukaszy\u0144ska<\/h3>\n<h4>Spezialist f\u00fcr Kostenplanung<\/h4>\n<p>tel.\u00a0<a href=\"tel:%2B48%2017%20789%2022%2079\" target=\"_blank\" rel=\"noopener\">+48 17 789 22 79<\/a><\/p>\n<p>fax\u00a0<a href=\"tel:%2B48%2017%20789%2022%2088\" target=\"_blank\" rel=\"noopener\">+48 17 789 22 88<\/a><\/p>\n<p>gsm\u00a0<a href=\"tel:%2B48%20666%20324%20061\" target=\"_blank\" rel=\"noopener\">+48 666 324 061<\/a><\/p>\n<p>e-mail\u00a0<a href=\"mailto:llukaszynska@hartbex.pl\" target=\"_blank\" rel=\"noopener\">llukaszynska@hartbex.pl<\/a><\/td>\n<td>\n<h3>Kajusz Krzemieniecki<\/h3>\n<h4>Spezialist f\u00fcr Kostenplanung<\/h4>\n<p>tel. <a href=\"tel:%2B48%2017%20789%2022%2091\" target=\"_blank\" rel=\"noopener\">+48 17 789 22 91<\/a><\/p>\n<p>fax <a href=\"tel:%2B48%2017%20789%2022%2088\" target=\"_blank\" rel=\"noopener\">+48 17 789 22 88<\/a><\/p>\n<p>e-mail <a href=\"mailto:kkrzemieniecki@hartbex.pl\" target=\"_blank\" rel=\"noopener\">kkrzemieniecki@hartbex.pl<\/a><\/td>\n<\/tr>\n<tr>\n<td class=\"mobile-hide\"><a href=\"https:\/\/hartbex.pl\/wp-content\/uploads\/2015\/10\/mwajda.png\"><img loading=\"lazy\" class=\"alignnone size-medium wp-image-82\" title=\"Kontaktowy QR kod mwajda\" src=\"https:\/\/hartbex.pl\/wp-content\/uploads\/2015\/10\/mwajda-300x300.png\" alt=\"Kontaktowy QR kod mwajda\" width=\"300\" height=\"300\" \/><\/a><\/td>\n<td class=\"mobile-hide\"><\/td>\n<td><\/td>\n<td><\/td>\n<\/tr>\n<tr>\n<td>\n<h3>Marek Wajda<\/h3>\n<h4>Spezialist f\u00fcr Kostenplanung<\/h4>\n<p>tel. <a href=\"tel:%2B48%2017%20789%2022%2081\" target=\"_blank\" rel=\"noopener\">+48 17 789 22 81<\/a><\/p>\n<p>fax <a href=\"tel:%2B48%2017%20789%2022%2088\" target=\"_blank\" rel=\"noopener\">+48 17 789 22 88<\/a><\/p>\n<p>gsm <a href=\"tel:%2B48%20666%20324%20404\" target=\"_blank\" rel=\"noopener\">+48 666 324 404<\/a><\/p>\n<p>e-mail <a href=\"mailto:mwajda@hartbex.pl\" target=\"_blank\" rel=\"noopener\">mwajda@hartbex.pl<\/a><\/td>\n<td><\/td>\n<td><\/td>\n<td><\/td>\n<\/tr>\n<tr>\n<td colspan=\"4\">\n<h2>BUCHHALTUNG<\/h2>\n<\/td>\n<\/tr>\n<tr>\n<td class=\"mobile-hide\"><a href=\"https:\/\/hartbex.pl\/wp-content\/uploads\/2015\/10\/swidak.png\"><img loading=\"lazy\" class=\"alignnone wp-image-1303\" src=\"https:\/\/hartbex.pl\/wp-content\/uploads\/2015\/10\/swidak-320x320.png\" alt=\"swidak\" width=\"300\" height=\"300\" \/><\/a><\/td>\n<td class=\"mobile-hide\"><img loading=\"lazy\" class=\"alignnone wp-image-87\" title=\"Kontaktowy QR kod aloza\" src=\"https:\/\/hartbex.pl\/wp-content\/uploads\/2015\/10\/aloza-300x300.png\" alt=\"Kontaktowy QR kod aloza\" width=\"300\" height=\"300\" \/><\/td>\n<td class=\"mobile-hide\"><img loading=\"lazy\" class=\"alignnone size-full wp-image-402\" src=\"https:\/\/hartbex.pl\/hale\/wp-content\/uploads\/sites\/2\/2020\/03\/jkaplan.png\" alt=\"jkaplan\" width=\"300\" height=\"300\" srcset=\"https:\/\/hartbex.pl\/hale\/wp-content\/uploads\/sites\/2\/2020\/03\/jkaplan.png 300w, https:\/\/hartbex.pl\/hale\/wp-content\/uploads\/sites\/2\/2020\/03\/jkaplan-282x282.png 282w\" sizes=\"(max-width: 300px) 100vw, 300px\" \/><\/td>\n<td class=\"mobile-hide\"><a href=\"https:\/\/hartbex.pl\/wp-content\/uploads\/2015\/10\/adabska.png\"><img loading=\"lazy\" class=\"alignnone wp-image-1304\" src=\"https:\/\/hartbex.pl\/wp-content\/uploads\/2015\/10\/adabska-320x320.png\" alt=\"adabska\" width=\"300\" height=\"300\" \/><\/a><\/td>\n<\/tr>\n<tr>\n<td>\n<h3>S\u0142awomir Widak<\/h3>\n<h4>Hauptbuchhalterin<\/h4>\n<p>tel. <a href=\"tel:%2B48%2017%20789%2022%2071\" target=\"_blank\" rel=\"noopener\">+48 17 789 22 71<\/a><\/p>\n<p>fax <a href=\"tel:%2B48%2017%20789%2022%2088\" target=\"_blank\" rel=\"noopener\">+48 17 789 22 88<\/a><\/p>\n<p>gsm <a href=\"tel:%2B48%20784%20566%20987\" target=\"_blank\" rel=\"noopener\">+48 784 566 987<\/a><\/p>\n<p>e-mail <a href=\"mailto:swidak@hartbex.pl\" target=\"_blank\" rel=\"noopener\">swidak@hartbex.pl<\/a><\/td>\n<td>\n<h3>Agata \u0141oza<\/h3>\n<h4>Buchhaltung<\/h4>\n<p>tel. <a href=\"tel:%2B48%2017%20789%2022%2074\" target=\"_blank\" rel=\"noopener\">+48 17 789 22 74<\/a><\/p>\n<p>fax <a href=\"tel:%2B48%2017%20789%2022%2088\" target=\"_blank\" rel=\"noopener\">+48 17 789 22 88<\/a><\/p>\n<p>gsm <a href=\"tel:%2B48%20735%20207%20516\" target=\"_blank\" rel=\"noopener\">+48 735 207 516<\/a><\/p>\n<p>e-mail <a href=\"mailto:aloza@hartbex.pl\" target=\"_blank\" rel=\"noopener\">aloza@hartbex.pl<\/a><\/td>\n<td>\n<h3>Joanna Turek<\/h3>\n<h4>Buchhaltung<\/h4>\n<p>tel. <a href=\"tel:%2B48%2017%20789%2022%2076\" target=\"_blank\" rel=\"noopener\">+48 17 789 22 76<\/a><\/p>\n<p>fax <a href=\"tel:%2B48%2017%20789%2022%2088\" target=\"_blank\" rel=\"noopener\">+48 17 789 22 88<\/a><\/p>\n<p>gsm\u00a0<a title=\"\" href=\"tel:%2B48%20606%20883%20088\" target=\"_blank\" rel=\"noopener\">+48 606 883 088<\/a><\/p>\n<p>e-mail <a title=\"\" href=\"mailto:jturek@hartbex.pl\" target=\"_blank\" rel=\"noopener\">jturek@hartbex.pl<\/a><\/td>\n<td>\n<h3>Marta Siek<\/h3>\n<h4>Buchhaltung<\/h4>\n<p>tel. <a href=\"tel:%2B48%2017%20789%2022%2075\" target=\"_blank\" rel=\"noopener\">+48 17 789 22 75<\/a><\/p>\n<p>fax <a href=\"tel:%2B48%2017%20789%2022%2088\" target=\"_blank\" rel=\"noopener\">+48 17 789 22 88<\/a><\/p>\n<p>gsm\u00a0<a title=\"\" href=\"tel:%2B48%20538%20819%20243\" target=\"_blank\" rel=\"noopener\">+48 538 819 243<\/a><\/p>\n<p>e-mail <a href=\"mailto:msiek@hartbex.pl\" target=\"_blank\" rel=\"noopener\">msiek@hartbex.pl<\/a><\/td>\n<\/tr>\n<tr>\n<td class=\"mobile-hide\"><img loading=\"lazy\" class=\"alignnone wp-image-1824\" src=\"https:\/\/hartbex.pl\/wp-content\/uploads\/2022\/12\/egutkowska.jpg\" alt=\"\" width=\"300\" height=\"300\" \/><\/td>\n<td><\/td>\n<td><\/td>\n<td><\/td>\n<\/tr>\n<tr>\n<td>\n<h3>Ewelina Gutkowska<\/h3>\n<h4>Buchhaltung<\/h4>\n<p>tel. <a title=\"\" href=\"tel:%2B48%2017%20789%2022%2073\" target=\"_blank\" rel=\"noopener\">+48 17 789 22 73<\/a><\/p>\n<p>fax <a href=\"tel:%2B48%2017%20789%2022%2088\" target=\"_blank\" rel=\"noopener\">+48 17 789 22 88<\/a><\/p>\n<p>gsm\u00a0<a title=\"\" href=\"tel:%2B48%20602%20152%20477\" target=\"_blank\" rel=\"noopener\">+48 602 152 477<\/a><\/p>\n<p>e-mail <a title=\"\" href=\"mailto:egutkowska@hartbex.pl\" target=\"_blank\" rel=\"noopener\">egutkowska@hartbex.pl<\/a><\/td>\n<td><\/td>\n<td><\/td>\n<td><\/td>\n<\/tr>\n<tr>\n<td colspan=\"4\">\n<h2>IT<\/h2>\n<\/td>\n<\/tr>\n<tr>\n<td class=\"mobile-hide\"><a href=\"https:\/\/hartbex.pl\/wp-content\/uploads\/2015\/10\/dwisniowski.png\"><img loading=\"lazy\" class=\"alignnone size-medium wp-image-89\" title=\"Kontaktowy QR kod dwisniowski\" src=\"https:\/\/hartbex.pl\/wp-content\/uploads\/2015\/10\/dwisniowski-300x300.png\" alt=\"Kontaktowy QR kod dwisniowski\" width=\"300\" height=\"300\" \/><\/a><\/td>\n<td class=\"mobile-hide\"><img loading=\"lazy\" class=\"alignnone wp-image-1091\" title=\"Kontaktowy QR kod lweselak1\" src=\"https:\/\/hartbex.pl\/wp-content\/uploads\/2015\/10\/lweselak1-320x320.png\" alt=\"Kontaktowy QR kod lweselak1\" width=\"301\" height=\"301\" \/><a href=\"https:\/\/hartbex.pl\/wp-content\/uploads\/2015\/10\/lweselak1.png\"><br \/>\n<\/a><\/td>\n<td><\/td>\n<td><\/td>\n<\/tr>\n<tr>\n<td>\n<h3>Dariusz Wi\u015bniowski<\/h3>\n<h4>IT \u2013 Systemverwalter<\/h4>\n<p>tel. <a href=\"tel:%2B48%2017%20789%2022%2089\" target=\"_blank\" rel=\"noopener\">+48 17 789 22 89<\/a><\/p>\n<p>fax <a href=\"tel:%2B48%2017%20789%2022%2088\" target=\"_blank\" rel=\"noopener\">+48 17 789 22 88<\/a><\/p>\n<p>gsm <a href=\"tel:%2B48%20602%20696%20439\" target=\"_blank\" rel=\"noopener\">+48 602 696 439<\/a><\/p>\n<p>e-mail <a href=\"mailto:dwisniowski@hartbex.pl\" target=\"_blank\" rel=\"noopener\">dwisniowski@hartbex.pl <\/a><\/p>\n<p>&nbsp;<\/p>\n<p>&nbsp;<\/td>\n<td>\n<h3>\u0141ukasz Weselak<\/h3>\n<h4>Informatik<br \/>\nInvestmentspezialist<br \/>\nVerkaufsspezialist<br \/>\nMarketing-Spezialist<br \/>\nQualit\u00e4tsmanagement ISO<br \/>\nDatenschutzbeauftragter (DSB)<\/h4>\n<p>tel. <a style=\"font-family: inherit; font-size: inherit;\" href=\"tel:%2B48%2017%20789%2022%2077\" target=\"_blank\" rel=\"noopener\">+48 17 789 22 77<\/a><\/p>\n<p>fax <a href=\"tel:%2B48%2017%20789%2022%2088\" target=\"_blank\" rel=\"noopener\">+48 17 789 22 88<\/a><\/p>\n<p>gsm <a href=\"tel:%2B48%20666%20083%20746\" target=\"_blank\" rel=\"noopener\">+48 666 083 746<\/a><\/p>\n<p>e-mail <a href=\"mailto:lweselak@hartbex.pl\" target=\"_blank\" rel=\"noopener\">lweselak@hartbex.pl<\/a><\/td>\n<td><\/td>\n<td><\/td>\n<\/tr>\n<tr>\n<td colspan=\"4\">\n<h2>PERSONALABTEILUNG<\/h2>\n<\/td>\n<\/tr>\n<tr>\n<td class=\"mobile-hide\"><img loading=\"lazy\" class=\"alignnone wp-image-1167\" title=\"Kontaktowy QR kod mbajda1\" src=\"https:\/\/hartbex.pl\/wp-content\/uploads\/2015\/10\/mbajda1-320x320.png\" alt=\"Kontaktowy QR kod mbajda1\" width=\"299\" height=\"299\" \/><\/td>\n<td class=\"mobile-hide\"><img loading=\"lazy\" class=\"alignnone wp-image-1166\" title=\"Kontaktowy QR kod jwojcik1\" src=\"https:\/\/hartbex.pl\/wp-content\/uploads\/2015\/10\/jwojcik1-320x320.png\" alt=\"Kontaktowy QR kod jwojcik1\" width=\"300\" height=\"300\" \/><\/td>\n<td class=\"mobile-hide\"><\/td>\n<td class=\"mobile-hide\"><\/td>\n<\/tr>\n<tr>\n<td>\n<h3>Miros\u0142aw Bajda<\/h3>\n<h4>Leiter der Personalabteilung<\/h4>\n<p>tel. <a href=\"tel:%2B48%2017%20789%2022%2067\" target=\"_blank\" rel=\"noopener\">+48 17 789 22 67<\/a><\/p>\n<p>fax <a href=\"tel:%2B48%2017%20789%2022%2088\" target=\"_blank\" rel=\"noopener\">+48 17 789 22 88<\/a><\/p>\n<p>gsm <a href=\"tel:%2B48%20538%20237%20888\" target=\"_blank\" rel=\"noopener\">+48 538 237 888<\/a><\/p>\n<p>e-mail <a href=\"mailto:mbajda@hartbex.pl\" target=\"_blank\" rel=\"noopener\">mbajda@hartbex.pl<\/a><\/td>\n<td>\n<h3>Jacek W\u00f3jcik<\/h3>\n<h4>Personalabteilung<\/h4>\n<p>tel. <a href=\"tel:%2B48%2017%20789%2022%2068\" target=\"_blank\" rel=\"noopener\">+48 17 789 22 68<\/a><\/p>\n<p>fax <a href=\"tel:%2B48%2017%20789%2022%2088\" target=\"_blank\" rel=\"noopener\">+48 17 789 22 88<\/a><\/p>\n<p>gsm <a href=\"tel:%2B48%20606%20226%20091\" target=\"_blank\" rel=\"noopener\">+48 606 226 091<\/a><\/p>\n<p>e-mail <a href=\"mailto:jwojcik@hartbex.pl\" target=\"_blank\" rel=\"noopener\">jwojcik@hartbex.pl<\/a><\/td>\n<td><\/td>\n<td>&nbsp;<\/p>\n<p>&nbsp;<\/td>\n<\/tr>\n<\/tbody>\n<\/table>\n<p>\u200b\u200b<\/p>\n","protected":false},"excerpt":{"rendered":"<p>HARTBEX Przedsi\u0119biorstwo Budowlane Sp. z o.o. &nbsp; al. mjr W. Kopisto 11\/400 35-315 Rzesz\u00f3w tel. +48 17 789 22 89 fax +48 17 789 22 88 e-mail hartbex@hartbex.pl Amtsgericht in Rzesz\u00f3w XII Wirtschaftsgericht Landesgerichtsregister Nr. KRS 0000070017 Betriebskapital: 4 550 000 PLN Kapita\u0142 zak\u0142adowy: 4 550 000 PLN Regon: 690023989 NIP: 813-03-33-649 Bank: mBank Kontonummer: [&hellip;]<\/p>\n","protected":false},"author":1,"featured_media":0,"parent":0,"menu_order":0,"comment_status":"closed","ping_status":"closed","template":"","meta":[],"_links":{"self":[{"href":"https:\/\/hartbex.pl\/hale\/wp-json\/wp\/v2\/pages\/201"}],"collection":[{"href":"https:\/\/hartbex.pl\/hale\/wp-json\/wp\/v2\/pages"}],"about":[{"href":"https:\/\/hartbex.pl\/hale\/wp-json\/wp\/v2\/types\/page"}],"author":[{"embeddable":true,"href":"https:\/\/hartbex.pl\/hale\/wp-json\/wp\/v2\/users\/1"}],"replies":[{"embeddable":true,"href":"https:\/\/hartbex.pl\/hale\/wp-json\/wp\/v2\/comments?post=201"}],"version-history":[{"count":13,"href":"https:\/\/hartbex.pl\/hale\/wp-json\/wp\/v2\/pages\/201\/revisions"}],"predecessor-version":[{"id":469,"href":"https:\/\/hartbex.pl\/hale\/wp-json\/wp\/v2\/pages\/201\/revisions\/469"}],"wp:attachment":[{"href":"https:\/\/hartbex.pl\/hale\/wp-json\/wp\/v2\/media?parent=201"}],"curies":[{"name":"wp","href":"https:\/\/api.w.org\/{rel}","templated":true}]}}